{"id":1406,"date":"2023-02-08T09:26:52","date_gmt":"2023-02-08T08:26:52","guid":{"rendered":"https:\/\/ribeformation.com\/?page_id=1406"},"modified":"2023-02-08T11:27:20","modified_gmt":"2023-02-08T10:27:20","slug":"fiche-formation-devenir-un-directeur-d-exploitation","status":"publish","type":"page","link":"https:\/\/ribeformation.com\/index.php\/catalogue-de-formation-2\/fiche-formation-devenir-un-directeur-d-exploitation\/","title":{"rendered":"Fiche formation &#8211; Devenir un directeur d&rsquo;exploitation"},"content":{"rendered":"\t\t<div data-elementor-type=\"wp-page\" data-elementor-id=\"1406\" class=\"elementor elementor-1406\" data-elementor-settings=\"[]\">\n\t\t\t\t\t\t\t<div class=\"elementor-section-wrap\">\n\t\t\t\t\t\t\t<section class=\"elementor-section elementor-top-section elementor-element elementor-element-37dc31e elementor-section-boxed elementor-section-height-default elementor-section-height-default\" data-id=\"37dc31e\" data-element_type=\"section\">\n\t\t\t\t\t\t<div class=\"elementor-container elementor-column-gap-default\">\n\t\t\t\t\t<div class=\"elementor-column elementor-col-100 elementor-top-column elementor-element elementor-element-091c586\" data-id=\"091c586\" data-element_type=\"column\">\n\t\t\t<div class=\"elementor-widget-wrap elementor-element-populated\">\n\t\t\t\t\t\t\t\t\t<\/div>\n\t\t<\/div>\n\t\t\t\t\t\t\t<\/div>\n\t\t<\/section>\n\t\t\t\t<section class=\"elementor-section elementor-top-section elementor-element elementor-element-6344308 elementor-section-boxed elementor-section-height-default elementor-section-height-default\" data-id=\"6344308\" data-element_type=\"section\">\n\t\t\t\t\t\t<div class=\"elementor-container elementor-column-gap-default\">\n\t\t\t\t\t<div class=\"elementor-column elementor-col-100 elementor-top-column elementor-element elementor-element-ef4f69b\" data-id=\"ef4f69b\" data-element_type=\"column\">\n\t\t\t<div class=\"elementor-widget-wrap elementor-element-populated\">\n\t\t\t\t\t\t\t\t<div class=\"elementor-element elementor-element-c82284f elementor-hidden-phone elementor-widget elementor-widget-spacer\" data-id=\"c82284f\" data-element_type=\"widget\" data-widget_type=\"spacer.default\">\n\t\t\t\t<div class=\"elementor-widget-container\">\n\t\t\t\t\t<div class=\"elementor-spacer\">\n\t\t\t<div class=\"elementor-spacer-inner\"><\/div>\n\t\t<\/div>\n\t\t\t\t<\/div>\n\t\t\t\t<\/div>\n\t\t\t\t\t<\/div>\n\t\t<\/div>\n\t\t\t\t\t\t\t<\/div>\n\t\t<\/section>\n\t\t\t\t<section class=\"elementor-section elementor-top-section elementor-element elementor-element-c0bcbdf elementor-section-full_width elementor-section-height-default elementor-section-height-default\" data-id=\"c0bcbdf\" data-element_type=\"section\">\n\t\t\t\t\t\t<div class=\"elementor-container elementor-column-gap-wide\">\n\t\t\t\t\t<div class=\"elementor-column elementor-col-33 elementor-top-column elementor-element elementor-element-e8c24c8\" data-id=\"e8c24c8\" data-element_type=\"column\" data-settings=\"{&quot;background_background&quot;:&quot;classic&quot;}\">\n\t\t\t<div class=\"elementor-widget-wrap elementor-element-populated\">\n\t\t\t\t\t\t\t\t<div class=\"elementor-element elementor-element-06dbc2d elementor-hidden-phone elementor-widget elementor-widget-spacer\" data-id=\"06dbc2d\" data-element_type=\"widget\" data-widget_type=\"spacer.default\">\n\t\t\t\t<div class=\"elementor-widget-container\">\n\t\t\t\t\t<div class=\"elementor-spacer\">\n\t\t\t<div class=\"elementor-spacer-inner\"><\/div>\n\t\t<\/div>\n\t\t\t\t<\/div>\n\t\t\t\t<\/div>\n\t\t\t\t<div class=\"elementor-element elementor-element-04e41e1 elementor-hidden-phone elementor-widget elementor-widget-image\" data-id=\"04e41e1\" data-element_type=\"widget\" data-widget_type=\"image.default\">\n\t\t\t\t<div class=\"elementor-widget-container\">\n\t\t\t\t\t<div class=\"elementor-image\">\n\t\t\t\t\t\t\t\t\t\t<img width=\"300\" height=\"300\" src=\"https:\/\/ribeformation.com\/wp-content\/uploads\/2021\/02\/cropped-cropped-Logo-Ribe-formation-300x300.png\" class=\"attachment-medium size-medium\" alt=\"\" loading=\"lazy\" srcset=\"https:\/\/ribeformation.com\/wp-content\/uploads\/2021\/02\/cropped-cropped-Logo-Ribe-formation-300x300.png 300w, https:\/\/ribeformation.com\/wp-content\/uploads\/2021\/02\/cropped-cropped-Logo-Ribe-formation-150x150.png 150w, https:\/\/ribeformation.com\/wp-content\/uploads\/2021\/02\/cropped-cropped-Logo-Ribe-formation-70x70.png 70w, https:\/\/ribeformation.com\/wp-content\/uploads\/2021\/02\/cropped-cropped-Logo-Ribe-formation-246x246.png 246w, https:\/\/ribeformation.com\/wp-content\/uploads\/2021\/02\/cropped-cropped-Logo-Ribe-formation-276x276.png 276w, https:\/\/ribeformation.com\/wp-content\/uploads\/2021\/02\/cropped-cropped-Logo-Ribe-formation-125x125.png 125w, https:\/\/ribeformation.com\/wp-content\/uploads\/2021\/02\/cropped-cropped-Logo-Ribe-formation-270x270.png 270w, https:\/\/ribeformation.com\/wp-content\/uploads\/2021\/02\/cropped-cropped-Logo-Ribe-formation-192x192.png 192w, https:\/\/ribeformation.com\/wp-content\/uploads\/2021\/02\/cropped-cropped-Logo-Ribe-formation-180x180.png 180w, https:\/\/ribeformation.com\/wp-content\/uploads\/2021\/02\/cropped-cropped-Logo-Ribe-formation-32x32.png 32w, https:\/\/ribeformation.com\/wp-content\/uploads\/2021\/02\/cropped-cropped-Logo-Ribe-formation.png 512w\" sizes=\"(max-width: 300px) 100vw, 300px\" \/>\t\t\t\t\t\t\t\t\t\t\t<\/div>\n\t\t\t\t<\/div>\n\t\t\t\t<\/div>\n\t\t\t\t<div class=\"elementor-element elementor-element-5ac4825 elementor-hidden-phone elementor-widget elementor-widget-spacer\" data-id=\"5ac4825\" data-element_type=\"widget\" data-widget_type=\"spacer.default\">\n\t\t\t\t<div class=\"elementor-widget-container\">\n\t\t\t\t\t<div class=\"elementor-spacer\">\n\t\t\t<div class=\"elementor-spacer-inner\"><\/div>\n\t\t<\/div>\n\t\t\t\t<\/div>\n\t\t\t\t<\/div>\n\t\t\t\t<div class=\"elementor-element elementor-element-dde04bc elementor-widget elementor-widget-heading\" data-id=\"dde04bc\" data-element_type=\"widget\" data-widget_type=\"heading.default\">\n\t\t\t\t<div class=\"elementor-widget-container\">\n\t\t\t<h2 class=\"elementor-heading-title elementor-size-large\">Devenir un directeur d'exploitation d'une salle de sport<font style=\"vertical-align: inherit;\"><\/font><\/h2>\t\t<\/div>\n\t\t\t\t<\/div>\n\t\t\t\t<div class=\"elementor-element elementor-element-ce7a849 elementor-hidden-phone elementor-widget elementor-widget-spacer\" data-id=\"ce7a849\" data-element_type=\"widget\" data-widget_type=\"spacer.default\">\n\t\t\t\t<div class=\"elementor-widget-container\">\n\t\t\t\t\t<div class=\"elementor-spacer\">\n\t\t\t<div class=\"elementor-spacer-inner\"><\/div>\n\t\t<\/div>\n\t\t\t\t<\/div>\n\t\t\t\t<\/div>\n\t\t\t\t<div class=\"elementor-element elementor-element-3eddebe elementor-align-center elementor-widget elementor-widget-button\" data-id=\"3eddebe\" data-element_type=\"widget\" data-widget_type=\"button.default\">\n\t\t\t\t<div class=\"elementor-widget-container\">\n\t\t\t\t\t<div class=\"elementor-button-wrapper\">\n\t\t\t<a href=\"http:\/\/ribeformation.com\/wp-content\/uploads\/2023\/02\/Programme.pdf\" target=\"_blank\" class=\"elementor-button-link elementor-button elementor-size-lg\" role=\"button\">\n\t\t\t\t\t\t<span class=\"elementor-button-content-wrapper\">\n\t\t\t\t\t\t<span class=\"elementor-button-icon elementor-align-icon-left\">\n\t\t\t\t<i aria-hidden=\"true\" class=\"far fa-arrow-alt-circle-down\"><\/i>\t\t\t<\/span>\n\t\t\t\t\t\t<span class=\"elementor-button-text\">T\u00e9l\u00e9charger cette fiche (pdf)<\/span>\n\t\t<\/span>\n\t\t\t\t\t<\/a>\n\t\t<\/div>\n\t\t\t\t<\/div>\n\t\t\t\t<\/div>\n\t\t\t\t\t<\/div>\n\t\t<\/div>\n\t\t\t\t<div class=\"elementor-column elementor-col-33 elementor-top-column elementor-element elementor-element-77f15c9\" data-id=\"77f15c9\" data-element_type=\"column\">\n\t\t\t<div class=\"elementor-widget-wrap elementor-element-populated\">\n\t\t\t\t\t\t\t\t<div class=\"elementor-element elementor-element-89d8b13 elementor-widget elementor-widget-heading\" data-id=\"89d8b13\" data-element_type=\"widget\" data-settings=\"{&quot;_animation_mobile&quot;:&quot;fadeInLeft&quot;}\" data-widget_type=\"heading.default\">\n\t\t\t\t<div class=\"elementor-widget-container\">\n\t\t\t<h3 class=\"elementor-heading-title elementor-size-default\">Objectifs<\/h3>\t\t<\/div>\n\t\t\t\t<\/div>\n\t\t\t\t<div class=\"elementor-element elementor-element-50de0ed elementor-widget elementor-widget-text-editor\" data-id=\"50de0ed\" data-element_type=\"widget\" data-widget_type=\"text-editor.default\">\n\t\t\t\t<div class=\"elementor-widget-container\">\n\t\t\t\t\t<div class=\"elementor-text-editor elementor-clearfix\"><p><span style=\"vertical-align: inherit;\"><span style=\"vertical-align: inherit;\"><span style=\"vertical-align: inherit;\"><span style=\"vertical-align: inherit;\"><span style=\"vertical-align: inherit;\"><span style=\"vertical-align: inherit;\"><span style=\"vertical-align: inherit;\"><span style=\"vertical-align: inherit;\"><span style=\"vertical-align: inherit;\"><span style=\"vertical-align: inherit;\"><span style=\"vertical-align: inherit;\"><span style=\"vertical-align: inherit;\"><span style=\"vertical-align: inherit;\"><span style=\"vertical-align: inherit;\"><span style=\"vertical-align: inherit;\"><span style=\"vertical-align: inherit;\">Au terme de la formation, l&rsquo;apprenant sera en capacit\u00e9 de&nbsp;:&nbsp;<\/span><\/span><\/span><\/span><\/span><\/span><\/span><\/span><\/span><\/span><\/span><\/span><\/span><\/span><\/span><\/span><\/p>\n<p><span style=\"vertical-align: inherit;\"><span style=\"vertical-align: inherit;\"><span style=\"vertical-align: inherit;\"><span style=\"vertical-align: inherit;\"><span style=\"vertical-align: inherit;\"><span style=\"vertical-align: inherit;\"><span style=\"vertical-align: inherit;\"><span style=\"vertical-align: inherit;\"><span style=\"vertical-align: inherit;\"><span style=\"vertical-align: inherit;\"><span style=\"vertical-align: inherit;\"><span style=\"vertical-align: inherit;\"><span style=\"vertical-align: inherit;\"><span style=\"vertical-align: inherit;\"><span style=\"vertical-align: inherit;\"><span style=\"vertical-align: inherit;\">&#8211; Appr\u00e9hender le r\u00e9seau d&rsquo;une salle de sport.<br><\/span><\/span><\/span><\/span><\/span><\/span><\/span><\/span><\/span><\/span><\/span><\/span><\/span><\/span><\/span><\/span>&#8211; V\u00e9hiculer la marque d&rsquo;une salle de sport.<br>&#8211; D\u00e9ployer la strat\u00e9gie marketing et communication d&rsquo;un r\u00e9seau.<br>&#8211; D\u00e9velopper les ventes.<br>&#8211; Assurer la fonction de gestion et d&rsquo;exploitation.<br>&#8211; G\u00e9rer la fonction RH et sociale d&rsquo;une salle de sport.<br>&#8211; Manager son \u00e9quipe en tant que directeur.<\/p><\/div>\n\t\t\t\t<\/div>\n\t\t\t\t<\/div>\n\t\t\t\t<div class=\"elementor-element elementor-element-d5088a2 elementor-widget elementor-widget-heading\" data-id=\"d5088a2\" data-element_type=\"widget\" data-settings=\"{&quot;_animation_mobile&quot;:&quot;fadeInLeft&quot;}\" data-widget_type=\"heading.default\">\n\t\t\t\t<div class=\"elementor-widget-container\">\n\t\t\t<h3 class=\"elementor-heading-title elementor-size-default\">Contenu de la formation<\/h3>\t\t<\/div>\n\t\t\t\t<\/div>\n\t\t\t\t<div class=\"elementor-element elementor-element-4e1fc6a elementor-widget elementor-widget-text-editor\" data-id=\"4e1fc6a\" data-element_type=\"widget\" data-widget_type=\"text-editor.default\">\n\t\t\t\t<div class=\"elementor-widget-container\">\n\t\t\t\t\t<div class=\"elementor-text-editor elementor-clearfix\"><p><span style=\"color: rgb(0, 0, 0); font-family: &quot;Trebuchet MS&quot;, sans-serif; font-size: 15px; text-align: justify;\"><span style=\"vertical-align: inherit;\"><span style=\"vertical-align: inherit;\"><span style=\"vertical-align: inherit;\"><span style=\"vertical-align: inherit;\">&#8211; Devenir ambassadeur d&rsquo;une marque d\u00e9di\u00e9e au fitness et ma\u00eetriser les chartes graphiques et architecturales.<br>&#8211; Conna\u00eetre et appliquer le plan de communication m\u00e9dia d&rsquo;une salle de sport.<br>&#8211; Conna\u00eetre et comprendre les actions marketing puis les d\u00e9ployer.<br>&#8211; Professionnaliser sa d\u00e9marche de vente et son approche commerciale au quotidien.<br>&#8211; Ma\u00eetriser l&rsquo;utilisation du CRM RESAMANIA.<br>&#8211; Assurer la gestion de l&rsquo;exploitation administrative et comptable de sa salle.<br>&#8211; Se professionnaliser en gestion des ressources humaines.<br>&#8211; Piloter son \u00e9quipe dans son quotidien de directeur de salle de sport.<\/span><\/span><\/span><\/span><\/span><\/p><\/div>\n\t\t\t\t<\/div>\n\t\t\t\t<\/div>\n\t\t\t\t<div class=\"elementor-element elementor-element-d797a56 elementor-widget elementor-widget-heading\" data-id=\"d797a56\" data-element_type=\"widget\" data-settings=\"{&quot;_animation_mobile&quot;:&quot;fadeInLeft&quot;}\" data-widget_type=\"heading.default\">\n\t\t\t\t<div class=\"elementor-widget-container\">\n\t\t\t<h3 class=\"elementor-heading-title elementor-size-default\">La formation<\/h3>\t\t<\/div>\n\t\t\t\t<\/div>\n\t\t\t\t<div class=\"elementor-element elementor-element-e4a1c57 elementor-widget elementor-widget-text-editor\" data-id=\"e4a1c57\" data-element_type=\"widget\" data-widget_type=\"text-editor.default\">\n\t\t\t\t<div class=\"elementor-widget-container\">\n\t\t\t\t\t<div class=\"elementor-text-editor elementor-clearfix\"><p><span class=\"JsGRdQ\"><span style=\"vertical-align: inherit;\"><span style=\"vertical-align: inherit;\"><span style=\"vertical-align: inherit;\"><span style=\"vertical-align: inherit;\">&#8211; Cette formation se fait en pr\u00e9sentiel et distanciel. <\/span><\/span><\/span><\/span><br \/><\/span><span class=\"JsGRdQ\"><span style=\"vertical-align: inherit;\"><span style=\"vertical-align: inherit;\"><span style=\"vertical-align: inherit;\"><span style=\"vertical-align: inherit;\">&#8211; La dur\u00e9e est de 275h, r\u00e9partie sur 3 mois.<\/span><\/span><\/span><\/span><br \/><\/span><span class=\"JsGRdQ\"><span style=\"vertical-align: inherit;\"><span style=\"vertical-align: inherit;\"><span style=\"vertical-align: inherit;\"><span style=\"vertical-align: inherit;\">&#8211; 6 participants maximum. <\/span><\/span><\/span><\/span><br \/><\/span><span class=\"JsGRdQ\"><span style=\"vertical-align: inherit;\"><span style=\"vertical-align: inherit;\"><span style=\"vertical-align: inherit;\"><span style=\"vertical-align: inherit;\">&#8211; M\u00e9thodes utilis\u00e9es : alternance de sessions th\u00e9oriques et d&rsquo;ateliers pratiques, manuel de travail et supports visuels.<br \/><\/span><\/span><\/span><\/span><\/span>&#8211; Modalit\u00e9s d&rsquo;\u00e9valuation : auto-\u00e9valuations, mises en situations, quizz.<br \/>&#8211; D\u00e9lai d&rsquo;acc\u00e8s : 1 mois.<\/p><\/div>\n\t\t\t\t<\/div>\n\t\t\t\t<\/div>\n\t\t\t\t\t<\/div>\n\t\t<\/div>\n\t\t\t\t<div class=\"elementor-column elementor-col-33 elementor-top-column elementor-element elementor-element-862c8cd\" data-id=\"862c8cd\" data-element_type=\"column\">\n\t\t\t<div class=\"elementor-widget-wrap elementor-element-populated\">\n\t\t\t\t\t\t\t\t<div class=\"elementor-element elementor-element-8cee76c elementor-widget elementor-widget-heading\" data-id=\"8cee76c\" data-element_type=\"widget\" data-settings=\"{&quot;_animation_mobile&quot;:&quot;fadeInLeft&quot;}\" data-widget_type=\"heading.default\">\n\t\t\t\t<div class=\"elementor-widget-container\">\n\t\t\t<h3 class=\"elementor-heading-title elementor-size-default\">Un mot sur les formateurs<\/h3>\t\t<\/div>\n\t\t\t\t<\/div>\n\t\t\t\t<div class=\"elementor-element elementor-element-7939e7b elementor-widget elementor-widget-text-editor\" data-id=\"7939e7b\" data-element_type=\"widget\" data-widget_type=\"text-editor.default\">\n\t\t\t\t<div class=\"elementor-widget-container\">\n\t\t\t\t\t<div class=\"elementor-text-editor elementor-clearfix\"><p>&#8211; Une \u00e9quipe, professionnelle et investie, pr\u00eate \u00e0 vous aider \u00e0 lancer votre activit\u00e9 ! Gr\u00e2ce \u00e0 l&rsquo;ensemble de leurs comp\u00e9tences et de leurs exp\u00e9riences professionnelles dans les diff\u00e9rents domaines, communication, marketing, gestion, ressources humaines, elles vous donneront toutes les cl\u00e9s afin de devenir un directeur d&rsquo;exploitation.<\/p><\/div>\n\t\t\t\t<\/div>\n\t\t\t\t<\/div>\n\t\t\t\t<div class=\"elementor-element elementor-element-724aed4 elementor-widget elementor-widget-heading\" data-id=\"724aed4\" data-element_type=\"widget\" data-settings=\"{&quot;_animation_mobile&quot;:&quot;fadeInLeft&quot;}\" data-widget_type=\"heading.default\">\n\t\t\t\t<div class=\"elementor-widget-container\">\n\t\t\t<h3 class=\"elementor-heading-title elementor-size-default\">Les pr\u00e9requis<\/h3>\t\t<\/div>\n\t\t\t\t<\/div>\n\t\t\t\t<div class=\"elementor-element elementor-element-ea067e8 elementor-widget elementor-widget-text-editor\" data-id=\"ea067e8\" data-element_type=\"widget\" data-widget_type=\"text-editor.default\">\n\t\t\t\t<div class=\"elementor-widget-container\">\n\t\t\t\t\t<div class=\"elementor-text-editor elementor-clearfix\"><p>&#8211; Pr\u00e9requis n\u00e9cessaire pour cette formation :\u00a0 connaissance des savoirs de base lire et \u00e9crire.<\/p><\/div>\n\t\t\t\t<\/div>\n\t\t\t\t<\/div>\n\t\t\t\t<div class=\"elementor-element elementor-element-be17f50 elementor-widget elementor-widget-heading\" data-id=\"be17f50\" data-element_type=\"widget\" data-settings=\"{&quot;_animation_mobile&quot;:&quot;fadeInLeft&quot;}\" data-widget_type=\"heading.default\">\n\t\t\t\t<div class=\"elementor-widget-container\">\n\t\t\t<h3 class=\"elementor-heading-title elementor-size-default\">Le tarif<\/h3>\t\t<\/div>\n\t\t\t\t<\/div>\n\t\t\t\t<div class=\"elementor-element elementor-element-8580735 elementor-widget elementor-widget-text-editor\" data-id=\"8580735\" data-element_type=\"widget\" data-widget_type=\"text-editor.default\">\n\t\t\t\t<div class=\"elementor-widget-container\">\n\t\t\t\t\t<div class=\"elementor-text-editor elementor-clearfix\"><p class=\"_04xlpA direction-ltr align-start para-style-body\"><span class=\"JsGRdQ\">-16 500\u20ac HT par participant pour les 275h de formation.\u00a0<\/span><\/p><\/div>\n\t\t\t\t<\/div>\n\t\t\t\t<\/div>\n\t\t\t\t<div class=\"elementor-element elementor-element-7b5167b elementor-widget elementor-widget-heading\" data-id=\"7b5167b\" data-element_type=\"widget\" data-settings=\"{&quot;_animation_mobile&quot;:&quot;fadeInLeft&quot;}\" data-widget_type=\"heading.default\">\n\t\t\t\t<div class=\"elementor-widget-container\">\n\t\t\t<h3 class=\"elementor-heading-title elementor-size-default\">En quelques chiffres...<\/h3>\t\t<\/div>\n\t\t\t\t<\/div>\n\t\t\t\t<div class=\"elementor-element elementor-element-a8a1cfc elementor-widget elementor-widget-heading\" data-id=\"a8a1cfc\" data-element_type=\"widget\" data-widget_type=\"heading.default\">\n\t\t\t\t<div class=\"elementor-widget-container\">\n\t\t\t<h2 class=\"elementor-heading-title elementor-size-default\"><div style=\"text-align: justify;\"><span style=\"letter-spacing: 0px; font-weight: 400; white-space: normal;\"><font face=\"Trebuchet MS, sans-serif\">Bient\u00f4t...<\/font><\/span><\/div><font style=\"vertical-align: inherit;\"><font style=\"vertical-align: inherit;\"><\/font><\/font><font style=\"vertical-align: inherit;\"><font style=\"vertical-align: inherit;\"><\/font><\/font><font style=\"vertical-align: inherit;\"><font style=\"vertical-align: inherit;\"><\/font><\/font><\/h2>\t\t<\/div>\n\t\t\t\t<\/div>\n\t\t\t\t<div class=\"elementor-element elementor-element-a2e1dc1 elementor-widget elementor-widget-heading\" data-id=\"a2e1dc1\" data-element_type=\"widget\" data-settings=\"{&quot;_animation_mobile&quot;:&quot;fadeInLeft&quot;}\" data-widget_type=\"heading.default\">\n\t\t\t\t<div class=\"elementor-widget-container\">\n\t\t\t<h3 class=\"elementor-heading-title elementor-size-default\">Dates des prochaines formations<\/h3>\t\t<\/div>\n\t\t\t\t<\/div>\n\t\t\t\t<div class=\"elementor-element elementor-element-afdb823 elementor-align-center elementor-widget elementor-widget-button\" data-id=\"afdb823\" data-element_type=\"widget\" data-widget_type=\"button.default\">\n\t\t\t\t<div class=\"elementor-widget-container\">\n\t\t\t\t\t<div class=\"elementor-button-wrapper\">\n\t\t\t<a href=\"http:\/\/ribeformation.com\/index.php\/contact\/\" class=\"elementor-button-link elementor-button elementor-size-md\" role=\"button\">\n\t\t\t\t\t\t<span class=\"elementor-button-content-wrapper\">\n\t\t\t\t\t\t<span class=\"elementor-button-icon elementor-align-icon-left\">\n\t\t\t\t<i aria-hidden=\"true\" class=\"far fa-calendar-check\"><\/i>\t\t\t<\/span>\n\t\t\t\t\t\t<span class=\"elementor-button-text\">Nous contacter<\/span>\n\t\t<\/span>\n\t\t\t\t\t<\/a>\n\t\t<\/div>\n\t\t\t\t<\/div>\n\t\t\t\t<\/div>\n\t\t\t\t\t<\/div>\n\t\t<\/div>\n\t\t\t\t\t\t\t<\/div>\n\t\t<\/section>\n\t\t\t\t<section class=\"elementor-section elementor-top-section elementor-element elementor-element-923a5e6 elementor-section-boxed elementor-section-height-default elementor-section-height-default\" data-id=\"923a5e6\" data-element_type=\"section\">\n\t\t\t\t\t\t<div class=\"elementor-container elementor-column-gap-default\">\n\t\t\t\t\t<div class=\"elementor-column elementor-col-100 elementor-top-column elementor-element elementor-element-debabd2\" data-id=\"debabd2\" data-element_type=\"column\">\n\t\t\t<div class=\"elementor-widget-wrap\">\n\t\t\t\t\t\t\t\t\t<\/div>\n\t\t<\/div>\n\t\t\t\t\t\t\t<\/div>\n\t\t<\/section>\n\t\t\t\t\t\t<\/div>\n\t\t\t\t\t<\/div>\n\t\t","protected":false},"excerpt":{"rendered":"<p>Devenir un directeur d&rsquo;exploitation d&rsquo;une salle de sport T\u00e9l\u00e9charger cette fiche (pdf) Objectifs Au terme de la formation, l&rsquo;apprenant sera &hellip; <\/p>\n","protected":false},"author":1,"featured_media":0,"parent":297,"menu_order":0,"comment_status":"closed","ping_status":"closed","template":"","meta":[],"yoast_head":"<!-- This site is optimized with the Yoast SEO plugin v16.0.2 - https:\/\/yoast.com\/wordpress\/plugins\/seo\/ -->\n<title>Fiche formation - Devenir un directeur d&#039;exploitation - Ribe formation<\/title>\n<link rel=\"canonical\" href=\"https:\/\/ribeformation.com\/index.php\/catalogue-de-formation-2\/fiche-formation-devenir-un-directeur-d-exploitation\/\" \/>\n<meta property=\"og:locale\" content=\"fr_FR\" \/>\n<meta property=\"og:type\" content=\"article\" \/>\n<meta property=\"og:title\" content=\"Fiche formation - Devenir un directeur d&#039;exploitation - Ribe formation\" \/>\n<meta property=\"og:description\" content=\"Devenir un directeur d&rsquo;exploitation d&rsquo;une salle de sport T\u00e9l\u00e9charger cette fiche (pdf) Objectifs Au terme de la formation, l&rsquo;apprenant sera &hellip;\" \/>\n<meta property=\"og:url\" content=\"https:\/\/ribeformation.com\/index.php\/catalogue-de-formation-2\/fiche-formation-devenir-un-directeur-d-exploitation\/\" \/>\n<meta property=\"og:site_name\" content=\"Ribe formation\" \/>\n<meta property=\"article:modified_time\" content=\"2023-02-08T10:27:20+00:00\" \/>\n<meta property=\"og:image\" content=\"http:\/\/ribeformation.com\/wp-content\/uploads\/2021\/02\/cropped-cropped-Logo-Ribe-formation-300x300.png\" \/>\n<meta name=\"twitter:card\" content=\"summary_large_image\" \/>\n<meta name=\"twitter:label1\" content=\"Dur\u00e9e de lecture est.\">\n\t<meta name=\"twitter:data1\" content=\"2 minutes\">\n<script type=\"application\/ld+json\" class=\"yoast-schema-graph\">{\"@context\":\"https:\/\/schema.org\",\"@graph\":[{\"@type\":\"WebSite\",\"@id\":\"https:\/\/ribeformation.com\/#website\",\"url\":\"https:\/\/ribeformation.com\/\",\"name\":\"Ribe formation\",\"description\":\"Espace de formation\",\"potentialAction\":[{\"@type\":\"SearchAction\",\"target\":\"https:\/\/ribeformation.com\/?s={search_term_string}\",\"query-input\":\"required name=search_term_string\"}],\"inLanguage\":\"fr-FR\"},{\"@type\":\"ImageObject\",\"@id\":\"https:\/\/ribeformation.com\/index.php\/catalogue-de-formation-2\/fiche-formation-devenir-un-directeur-d-exploitation\/#primaryimage\",\"inLanguage\":\"fr-FR\",\"url\":\"http:\/\/ribeformation.com\/wp-content\/uploads\/2021\/02\/cropped-cropped-Logo-Ribe-formation-300x300.png\"},{\"@type\":\"WebPage\",\"@id\":\"https:\/\/ribeformation.com\/index.php\/catalogue-de-formation-2\/fiche-formation-devenir-un-directeur-d-exploitation\/#webpage\",\"url\":\"https:\/\/ribeformation.com\/index.php\/catalogue-de-formation-2\/fiche-formation-devenir-un-directeur-d-exploitation\/\",\"name\":\"Fiche formation - Devenir un directeur d'exploitation - Ribe formation\",\"isPartOf\":{\"@id\":\"https:\/\/ribeformation.com\/#website\"},\"primaryImageOfPage\":{\"@id\":\"https:\/\/ribeformation.com\/index.php\/catalogue-de-formation-2\/fiche-formation-devenir-un-directeur-d-exploitation\/#primaryimage\"},\"datePublished\":\"2023-02-08T08:26:52+00:00\",\"dateModified\":\"2023-02-08T10:27:20+00:00\",\"breadcrumb\":{\"@id\":\"https:\/\/ribeformation.com\/index.php\/catalogue-de-formation-2\/fiche-formation-devenir-un-directeur-d-exploitation\/#breadcrumb\"},\"inLanguage\":\"fr-FR\",\"potentialAction\":[{\"@type\":\"ReadAction\",\"target\":[\"https:\/\/ribeformation.com\/index.php\/catalogue-de-formation-2\/fiche-formation-devenir-un-directeur-d-exploitation\/\"]}]},{\"@type\":\"BreadcrumbList\",\"@id\":\"https:\/\/ribeformation.com\/index.php\/catalogue-de-formation-2\/fiche-formation-devenir-un-directeur-d-exploitation\/#breadcrumb\",\"itemListElement\":[{\"@type\":\"ListItem\",\"position\":1,\"item\":{\"@type\":\"WebPage\",\"@id\":\"https:\/\/ribeformation.com\/\",\"url\":\"https:\/\/ribeformation.com\/\",\"name\":\"Accueil\"}},{\"@type\":\"ListItem\",\"position\":2,\"item\":{\"@type\":\"WebPage\",\"@id\":\"https:\/\/ribeformation.com\/index.php\/catalogue-de-formation-2\/\",\"url\":\"https:\/\/ribeformation.com\/index.php\/catalogue-de-formation-2\/\",\"name\":\"Catalogue de formation\"}},{\"@type\":\"ListItem\",\"position\":3,\"item\":{\"@type\":\"WebPage\",\"@id\":\"https:\/\/ribeformation.com\/index.php\/catalogue-de-formation-2\/fiche-formation-devenir-un-directeur-d-exploitation\/\",\"url\":\"https:\/\/ribeformation.com\/index.php\/catalogue-de-formation-2\/fiche-formation-devenir-un-directeur-d-exploitation\/\",\"name\":\"Fiche formation &#8211; Devenir un directeur d&#8217;exploitation\"}}]}]}<\/script>\n<!-- \/ Yoast SEO plugin. -->","_links":{"self":[{"href":"https:\/\/ribeformation.com\/index.php\/wp-json\/wp\/v2\/pages\/1406"}],"collection":[{"href":"https:\/\/ribeformation.com\/index.php\/wp-json\/wp\/v2\/pages"}],"about":[{"href":"https:\/\/ribeformation.com\/index.php\/wp-json\/wp\/v2\/types\/page"}],"author":[{"embeddable":true,"href":"https:\/\/ribeformation.com\/index.php\/wp-json\/wp\/v2\/users\/1"}],"replies":[{"embeddable":true,"href":"https:\/\/ribeformation.com\/index.php\/wp-json\/wp\/v2\/comments?post=1406"}],"version-history":[{"count":10,"href":"https:\/\/ribeformation.com\/index.php\/wp-json\/wp\/v2\/pages\/1406\/revisions"}],"predecessor-version":[{"id":1465,"href":"https:\/\/ribeformation.com\/index.php\/wp-json\/wp\/v2\/pages\/1406\/revisions\/1465"}],"up":[{"embeddable":true,"href":"https:\/\/ribeformation.com\/index.php\/wp-json\/wp\/v2\/pages\/297"}],"wp:attachment":[{"href":"https:\/\/ribeformation.com\/index.php\/wp-json\/wp\/v2\/media?parent=1406"}],"curies":[{"name":"wp","href":"https:\/\/api.w.org\/{rel}","templated":true}]}}