{"id":1419,"date":"2023-02-08T10:01:25","date_gmt":"2023-02-08T09:01:25","guid":{"rendered":"https:\/\/ribeformation.com\/?page_id=1419"},"modified":"2024-05-07T15:29:45","modified_gmt":"2024-05-07T13:29:45","slug":"fiche-formation-formation-de-base-vf","status":"publish","type":"page","link":"https:\/\/ribeformation.com\/index.php\/catalogue-de-formation-2\/fiche-formation-formation-de-base-vf\/","title":{"rendered":"Fiche formation &#8211; Initiez vous aux fondamentaux du concept VIDEOFIT"},"content":{"rendered":"\t\t<div data-elementor-type=\"wp-page\" data-elementor-id=\"1419\" class=\"elementor elementor-1419\" data-elementor-settings=\"[]\">\n\t\t\t\t\t\t\t<div class=\"elementor-section-wrap\">\n\t\t\t\t\t\t\t<section class=\"elementor-section elementor-top-section elementor-element elementor-element-37dc31e elementor-section-boxed elementor-section-height-default elementor-section-height-default\" data-id=\"37dc31e\" data-element_type=\"section\">\n\t\t\t\t\t\t<div class=\"elementor-container elementor-column-gap-default\">\n\t\t\t\t\t<div class=\"elementor-column elementor-col-100 elementor-top-column elementor-element elementor-element-091c586\" data-id=\"091c586\" data-element_type=\"column\">\n\t\t\t<div class=\"elementor-widget-wrap elementor-element-populated\">\n\t\t\t\t\t\t\t\t\t<\/div>\n\t\t<\/div>\n\t\t\t\t\t\t\t<\/div>\n\t\t<\/section>\n\t\t\t\t<section class=\"elementor-section elementor-top-section elementor-element elementor-element-6344308 elementor-section-boxed elementor-section-height-default elementor-section-height-default\" data-id=\"6344308\" data-element_type=\"section\">\n\t\t\t\t\t\t<div class=\"elementor-container elementor-column-gap-default\">\n\t\t\t\t\t<div class=\"elementor-column elementor-col-100 elementor-top-column elementor-element elementor-element-ef4f69b\" data-id=\"ef4f69b\" data-element_type=\"column\">\n\t\t\t<div class=\"elementor-widget-wrap elementor-element-populated\">\n\t\t\t\t\t\t\t\t<div class=\"elementor-element elementor-element-c82284f elementor-hidden-phone elementor-widget elementor-widget-spacer\" data-id=\"c82284f\" data-element_type=\"widget\" data-widget_type=\"spacer.default\">\n\t\t\t\t<div class=\"elementor-widget-container\">\n\t\t\t\t\t<div class=\"elementor-spacer\">\n\t\t\t<div class=\"elementor-spacer-inner\"><\/div>\n\t\t<\/div>\n\t\t\t\t<\/div>\n\t\t\t\t<\/div>\n\t\t\t\t\t<\/div>\n\t\t<\/div>\n\t\t\t\t\t\t\t<\/div>\n\t\t<\/section>\n\t\t\t\t<section class=\"elementor-section elementor-top-section elementor-element elementor-element-c0bcbdf elementor-section-full_width elementor-section-height-default elementor-section-height-default\" data-id=\"c0bcbdf\" data-element_type=\"section\">\n\t\t\t\t\t\t<div class=\"elementor-container elementor-column-gap-wide\">\n\t\t\t\t\t<div class=\"elementor-column elementor-col-33 elementor-top-column elementor-element elementor-element-e8c24c8\" data-id=\"e8c24c8\" data-element_type=\"column\" data-settings=\"{&quot;background_background&quot;:&quot;classic&quot;}\">\n\t\t\t<div class=\"elementor-widget-wrap elementor-element-populated\">\n\t\t\t\t\t\t\t\t<div class=\"elementor-element elementor-element-06dbc2d elementor-hidden-phone elementor-widget elementor-widget-spacer\" data-id=\"06dbc2d\" data-element_type=\"widget\" data-widget_type=\"spacer.default\">\n\t\t\t\t<div class=\"elementor-widget-container\">\n\t\t\t\t\t<div class=\"elementor-spacer\">\n\t\t\t<div class=\"elementor-spacer-inner\"><\/div>\n\t\t<\/div>\n\t\t\t\t<\/div>\n\t\t\t\t<\/div>\n\t\t\t\t<div class=\"elementor-element elementor-element-04e41e1 elementor-hidden-phone elementor-widget elementor-widget-image\" data-id=\"04e41e1\" data-element_type=\"widget\" data-widget_type=\"image.default\">\n\t\t\t\t<div class=\"elementor-widget-container\">\n\t\t\t\t\t<div class=\"elementor-image\">\n\t\t\t\t\t\t\t\t\t\t<img width=\"300\" height=\"300\" src=\"https:\/\/ribeformation.com\/wp-content\/uploads\/2021\/02\/cropped-cropped-Logo-Ribe-formation-300x300.png\" class=\"attachment-medium size-medium\" alt=\"\" loading=\"lazy\" srcset=\"https:\/\/ribeformation.com\/wp-content\/uploads\/2021\/02\/cropped-cropped-Logo-Ribe-formation-300x300.png 300w, https:\/\/ribeformation.com\/wp-content\/uploads\/2021\/02\/cropped-cropped-Logo-Ribe-formation-150x150.png 150w, https:\/\/ribeformation.com\/wp-content\/uploads\/2021\/02\/cropped-cropped-Logo-Ribe-formation-70x70.png 70w, https:\/\/ribeformation.com\/wp-content\/uploads\/2021\/02\/cropped-cropped-Logo-Ribe-formation-246x246.png 246w, https:\/\/ribeformation.com\/wp-content\/uploads\/2021\/02\/cropped-cropped-Logo-Ribe-formation-276x276.png 276w, https:\/\/ribeformation.com\/wp-content\/uploads\/2021\/02\/cropped-cropped-Logo-Ribe-formation-125x125.png 125w, https:\/\/ribeformation.com\/wp-content\/uploads\/2021\/02\/cropped-cropped-Logo-Ribe-formation-270x270.png 270w, https:\/\/ribeformation.com\/wp-content\/uploads\/2021\/02\/cropped-cropped-Logo-Ribe-formation-192x192.png 192w, https:\/\/ribeformation.com\/wp-content\/uploads\/2021\/02\/cropped-cropped-Logo-Ribe-formation-180x180.png 180w, https:\/\/ribeformation.com\/wp-content\/uploads\/2021\/02\/cropped-cropped-Logo-Ribe-formation-32x32.png 32w, https:\/\/ribeformation.com\/wp-content\/uploads\/2021\/02\/cropped-cropped-Logo-Ribe-formation.png 512w\" sizes=\"(max-width: 300px) 100vw, 300px\" \/>\t\t\t\t\t\t\t\t\t\t\t<\/div>\n\t\t\t\t<\/div>\n\t\t\t\t<\/div>\n\t\t\t\t<div class=\"elementor-element elementor-element-5ac4825 elementor-hidden-phone elementor-widget elementor-widget-spacer\" data-id=\"5ac4825\" data-element_type=\"widget\" data-widget_type=\"spacer.default\">\n\t\t\t\t<div class=\"elementor-widget-container\">\n\t\t\t\t\t<div class=\"elementor-spacer\">\n\t\t\t<div class=\"elementor-spacer-inner\"><\/div>\n\t\t<\/div>\n\t\t\t\t<\/div>\n\t\t\t\t<\/div>\n\t\t\t\t<div class=\"elementor-element elementor-element-dde04bc elementor-widget elementor-widget-heading\" data-id=\"dde04bc\" data-element_type=\"widget\" data-widget_type=\"heading.default\">\n\t\t\t\t<div class=\"elementor-widget-container\">\n\t\t\t<h2 class=\"elementor-heading-title elementor-size-large\">Formation de Base VF<br><font style=\"vertical-align: inherit;\"><\/font><\/h2>\t\t<\/div>\n\t\t\t\t<\/div>\n\t\t\t\t<div class=\"elementor-element elementor-element-ce7a849 elementor-hidden-phone elementor-widget elementor-widget-spacer\" data-id=\"ce7a849\" data-element_type=\"widget\" data-widget_type=\"spacer.default\">\n\t\t\t\t<div class=\"elementor-widget-container\">\n\t\t\t\t\t<div class=\"elementor-spacer\">\n\t\t\t<div class=\"elementor-spacer-inner\"><\/div>\n\t\t<\/div>\n\t\t\t\t<\/div>\n\t\t\t\t<\/div>\n\t\t\t\t<div class=\"elementor-element elementor-element-3eddebe elementor-align-center elementor-widget elementor-widget-button\" data-id=\"3eddebe\" data-element_type=\"widget\" data-widget_type=\"button.default\">\n\t\t\t\t<div class=\"elementor-widget-container\">\n\t\t\t\t\t<div class=\"elementor-button-wrapper\">\n\t\t\t<a href=\"http:\/\/ribeformation.com\/wp-content\/uploads\/2023\/02\/Fiche-Formation-de-base-vf.pdf\" target=\"_blank\" class=\"elementor-button-link elementor-button elementor-size-lg\" role=\"button\">\n\t\t\t\t\t\t<span class=\"elementor-button-content-wrapper\">\n\t\t\t\t\t\t<span class=\"elementor-button-icon elementor-align-icon-left\">\n\t\t\t\t<i aria-hidden=\"true\" class=\"far fa-arrow-alt-circle-down\"><\/i>\t\t\t<\/span>\n\t\t\t\t\t\t<span class=\"elementor-button-text\">T\u00e9l\u00e9charger cette fiche (pdf)<\/span>\n\t\t<\/span>\n\t\t\t\t\t<\/a>\n\t\t<\/div>\n\t\t\t\t<\/div>\n\t\t\t\t<\/div>\n\t\t\t\t\t<\/div>\n\t\t<\/div>\n\t\t\t\t<div class=\"elementor-column elementor-col-33 elementor-top-column elementor-element elementor-element-77f15c9\" data-id=\"77f15c9\" data-element_type=\"column\">\n\t\t\t<div class=\"elementor-widget-wrap elementor-element-populated\">\n\t\t\t\t\t\t\t\t<div class=\"elementor-element elementor-element-89d8b13 elementor-widget elementor-widget-heading\" data-id=\"89d8b13\" data-element_type=\"widget\" data-settings=\"{&quot;_animation_mobile&quot;:&quot;fadeInLeft&quot;}\" data-widget_type=\"heading.default\">\n\t\t\t\t<div class=\"elementor-widget-container\">\n\t\t\t<h3 class=\"elementor-heading-title elementor-size-default\">Objectifs<\/h3>\t\t<\/div>\n\t\t\t\t<\/div>\n\t\t\t\t<div class=\"elementor-element elementor-element-50de0ed elementor-widget elementor-widget-text-editor\" data-id=\"50de0ed\" data-element_type=\"widget\" data-widget_type=\"text-editor.default\">\n\t\t\t\t<div class=\"elementor-widget-container\">\n\t\t\t\t\t<div class=\"elementor-text-editor elementor-clearfix\"><p><span style=\"vertical-align: inherit;\"><span style=\"vertical-align: inherit;\"><span style=\"vertical-align: inherit;\"><span style=\"vertical-align: inherit;\"><span style=\"vertical-align: inherit;\"><span style=\"vertical-align: inherit;\"><span style=\"vertical-align: inherit;\"><span style=\"vertical-align: inherit;\"><span style=\"vertical-align: inherit;\"><span style=\"vertical-align: inherit;\"><span style=\"vertical-align: inherit;\"><span style=\"vertical-align: inherit;\"><span style=\"vertical-align: inherit;\"><span style=\"vertical-align: inherit;\"><span style=\"vertical-align: inherit;\"><span style=\"vertical-align: inherit;\">Au terme de la formation, l&rsquo;apprenant sera en capacit\u00e9 de\u00a0:\u00a0<\/span><\/span><\/span><\/span><\/span><\/span><\/span><\/span><\/span><\/span><\/span><\/span><\/span><\/span><\/span><\/span><\/p><p><span style=\"vertical-align: inherit;\"><span style=\"vertical-align: inherit;\"><span style=\"vertical-align: inherit;\"><span style=\"vertical-align: inherit;\"><span style=\"vertical-align: inherit;\"><span style=\"vertical-align: inherit;\"><span style=\"vertical-align: inherit;\"><span style=\"vertical-align: inherit;\"><span style=\"vertical-align: inherit;\"><span style=\"vertical-align: inherit;\"><span style=\"vertical-align: inherit;\"><span style=\"vertical-align: inherit;\"><span style=\"vertical-align: inherit;\"><span style=\"vertical-align: inherit;\"><span style=\"vertical-align: inherit;\"><span style=\"vertical-align: inherit;\">&#8211; Comprendre le secret des concepts VF.<br \/>&#8211; Apprendre efficacement son concept.<br \/>&#8211; Coacher les diff\u00e9rents concepts chor\u00e9graphi\u00e9s avec impact.<\/span><\/span><\/span><\/span><\/span><\/span><\/span><\/span><\/span><\/span><\/span><\/span><\/span><\/span><\/span><\/span><\/p><\/div>\n\t\t\t\t<\/div>\n\t\t\t\t<\/div>\n\t\t\t\t<div class=\"elementor-element elementor-element-d5088a2 elementor-widget elementor-widget-heading\" data-id=\"d5088a2\" data-element_type=\"widget\" data-settings=\"{&quot;_animation_mobile&quot;:&quot;fadeInLeft&quot;}\" data-widget_type=\"heading.default\">\n\t\t\t\t<div class=\"elementor-widget-container\">\n\t\t\t<h3 class=\"elementor-heading-title elementor-size-default\">Contenu de la formation<\/h3>\t\t<\/div>\n\t\t\t\t<\/div>\n\t\t\t\t<div class=\"elementor-element elementor-element-4e1fc6a elementor-widget elementor-widget-text-editor\" data-id=\"4e1fc6a\" data-element_type=\"widget\" data-widget_type=\"text-editor.default\">\n\t\t\t\t<div class=\"elementor-widget-container\">\n\t\t\t\t\t<div class=\"elementor-text-editor elementor-clearfix\"><p><span style=\"color: #000000; font-family: 'Trebuchet MS', sans-serif; font-size: 15px; text-align: justify;\"><span style=\"vertical-align: inherit;\"><span style=\"vertical-align: inherit;\"><span style=\"vertical-align: inherit;\"><span style=\"vertical-align: inherit;\">&#8211; L&rsquo;histoire de la marque VF.<br \/>&#8211; Positionnement des concepts.<br \/>&#8211; Pr\u00e9sentation de chaque concept.<br \/>&#8211; Structures des programmes.<br \/>&#8211; Discours commerciaux.<br \/>&#8211; Parcours de formation chez VF.<br \/>&#8211; M\u00e9thodes d&rsquo;apprentissages des concepts.<br \/>&#8211; Construire une introduction et conclusion d&rsquo;un cours.<br \/>&#8211; Les \u00e9tapes cl\u00e9s de coaching.<\/span><\/span><\/span><\/span><\/span><\/p><\/div>\n\t\t\t\t<\/div>\n\t\t\t\t<\/div>\n\t\t\t\t<div class=\"elementor-element elementor-element-d797a56 elementor-widget elementor-widget-heading\" data-id=\"d797a56\" data-element_type=\"widget\" data-settings=\"{&quot;_animation_mobile&quot;:&quot;fadeInLeft&quot;}\" data-widget_type=\"heading.default\">\n\t\t\t\t<div class=\"elementor-widget-container\">\n\t\t\t<h3 class=\"elementor-heading-title elementor-size-default\">La formation<\/h3>\t\t<\/div>\n\t\t\t\t<\/div>\n\t\t\t\t<div class=\"elementor-element elementor-element-e4a1c57 elementor-widget elementor-widget-text-editor\" data-id=\"e4a1c57\" data-element_type=\"widget\" data-widget_type=\"text-editor.default\">\n\t\t\t\t<div class=\"elementor-widget-container\">\n\t\t\t\t\t<div class=\"elementor-text-editor elementor-clearfix\"><p><span class=\"JsGRdQ\"><span style=\"vertical-align: inherit;\"><span style=\"vertical-align: inherit;\"><span style=\"vertical-align: inherit;\"><span style=\"vertical-align: inherit;\">&#8211; Cette formation se fait en pr\u00e9sentiel.<br><\/span><\/span><\/span><\/span><\/span><span class=\"JsGRdQ\"><span style=\"vertical-align: inherit;\"><span style=\"vertical-align: inherit;\"><span style=\"vertical-align: inherit;\"><span style=\"vertical-align: inherit;\">&#8211; La dur\u00e9e est de 7h, r\u00e9partie sur 1 journ\u00e9e.<\/span><\/span><\/span><\/span><br><\/span><span class=\"JsGRdQ\"><span style=\"vertical-align: inherit;\"><span style=\"vertical-align: inherit;\"><span style=\"vertical-align: inherit;\"><span style=\"vertical-align: inherit;\">&#8211; 10 participants maximum. <\/span><\/span><\/span><\/span><br><\/span><span class=\"JsGRdQ\"><span style=\"vertical-align: inherit;\"><span style=\"vertical-align: inherit;\"><span style=\"vertical-align: inherit;\"><span style=\"vertical-align: inherit;\">&#8211; M\u00e9thodes utilis\u00e9es : alternance de sessions th\u00e9oriques et d&rsquo;ateliers pratiques, manuel de travail et supports visuels.<br><\/span><\/span><\/span><\/span><\/span>&#8211; Modalit\u00e9s d&rsquo;\u00e9valuation : mises en situations.<br>&#8211; D\u00e9lai d&rsquo;acc\u00e8s : 1 mois.<\/p><\/div>\n\t\t\t\t<\/div>\n\t\t\t\t<\/div>\n\t\t\t\t\t<\/div>\n\t\t<\/div>\n\t\t\t\t<div class=\"elementor-column elementor-col-33 elementor-top-column elementor-element elementor-element-862c8cd\" data-id=\"862c8cd\" data-element_type=\"column\">\n\t\t\t<div class=\"elementor-widget-wrap elementor-element-populated\">\n\t\t\t\t\t\t\t\t<div class=\"elementor-element elementor-element-8cee76c elementor-widget elementor-widget-heading\" data-id=\"8cee76c\" data-element_type=\"widget\" data-settings=\"{&quot;_animation_mobile&quot;:&quot;fadeInLeft&quot;}\" data-widget_type=\"heading.default\">\n\t\t\t\t<div class=\"elementor-widget-container\">\n\t\t\t<h3 class=\"elementor-heading-title elementor-size-default\">Un mot sur les formateurs<\/h3>\t\t<\/div>\n\t\t\t\t<\/div>\n\t\t\t\t<div class=\"elementor-element elementor-element-7939e7b elementor-widget elementor-widget-text-editor\" data-id=\"7939e7b\" data-element_type=\"widget\" data-widget_type=\"text-editor.default\">\n\t\t\t\t<div class=\"elementor-widget-container\">\n\t\t\t\t\t<div class=\"elementor-text-editor elementor-clearfix\"><p>Gr\u00e2ce \u00e0 leurs exp\u00e9riences professionnelles, Benoit Perron et Eug\u00e9nie Herrmann, coachs passionn\u00e9s depuis plusieurs d&rsquo;ann\u00e9es, vous transmettra toutes les cl\u00e9s pour faire vivre une exp\u00e9rience fitness \u00e0 vos adh\u00e9rents.<\/p><\/div>\n\t\t\t\t<\/div>\n\t\t\t\t<\/div>\n\t\t\t\t<div class=\"elementor-element elementor-element-724aed4 elementor-widget elementor-widget-heading\" data-id=\"724aed4\" data-element_type=\"widget\" data-settings=\"{&quot;_animation_mobile&quot;:&quot;fadeInLeft&quot;}\" data-widget_type=\"heading.default\">\n\t\t\t\t<div class=\"elementor-widget-container\">\n\t\t\t<h3 class=\"elementor-heading-title elementor-size-default\">Les pr\u00e9requis<\/h3>\t\t<\/div>\n\t\t\t\t<\/div>\n\t\t\t\t<div class=\"elementor-element elementor-element-ea067e8 elementor-widget elementor-widget-text-editor\" data-id=\"ea067e8\" data-element_type=\"widget\" data-widget_type=\"text-editor.default\">\n\t\t\t\t<div class=\"elementor-widget-container\">\n\t\t\t\t\t<div class=\"elementor-text-editor elementor-clearfix\"><p>&#8211; Pr\u00e9requis n\u00e9cessaire pour cette formation :\u00a0 conna\u00eetre une chanson d&rsquo;un concept VF.<\/p><\/div>\n\t\t\t\t<\/div>\n\t\t\t\t<\/div>\n\t\t\t\t<div class=\"elementor-element elementor-element-be17f50 elementor-widget elementor-widget-heading\" data-id=\"be17f50\" data-element_type=\"widget\" data-settings=\"{&quot;_animation_mobile&quot;:&quot;fadeInLeft&quot;}\" data-widget_type=\"heading.default\">\n\t\t\t\t<div class=\"elementor-widget-container\">\n\t\t\t<h3 class=\"elementor-heading-title elementor-size-default\">Le tarif<\/h3>\t\t<\/div>\n\t\t\t\t<\/div>\n\t\t\t\t<div class=\"elementor-element elementor-element-8580735 elementor-widget elementor-widget-text-editor\" data-id=\"8580735\" data-element_type=\"widget\" data-widget_type=\"text-editor.default\">\n\t\t\t\t<div class=\"elementor-widget-container\">\n\t\t\t\t\t<div class=\"elementor-text-editor elementor-clearfix\"><p class=\"_04xlpA direction-ltr align-start para-style-body\"><span class=\"JsGRdQ\">&#8211; 300\u20ac HT par participant pour les 7h de formation.\u00a0<\/span><\/p><\/div>\n\t\t\t\t<\/div>\n\t\t\t\t<\/div>\n\t\t\t\t<div class=\"elementor-element elementor-element-7b5167b elementor-widget elementor-widget-heading\" data-id=\"7b5167b\" data-element_type=\"widget\" data-settings=\"{&quot;_animation_mobile&quot;:&quot;fadeInLeft&quot;}\" data-widget_type=\"heading.default\">\n\t\t\t\t<div class=\"elementor-widget-container\">\n\t\t\t<h3 class=\"elementor-heading-title elementor-size-default\">En quelques chiffres...<\/h3>\t\t<\/div>\n\t\t\t\t<\/div>\n\t\t\t\t<div class=\"elementor-element elementor-element-a8a1cfc elementor-widget elementor-widget-heading\" data-id=\"a8a1cfc\" data-element_type=\"widget\" data-widget_type=\"heading.default\">\n\t\t\t\t<div class=\"elementor-widget-container\">\n\t\t\t<h2 class=\"elementor-heading-title elementor-size-default\"><div style=\"text-align: justify;\"><font face=\"Trebuchet MS, sans-serif\"><span style=\"font-weight: 400; white-space: normal;\">- Qualit\u00e9 d'accueil : 100%<\/span><\/font><br><font face=\"Trebuchet MS, sans-serif\"><span style=\"font-weight: 400; white-space: normal;\">- Relation avec le formateur : 100%<\/span><\/font><br><font face=\"Trebuchet MS, sans-serif\"><span style=\"font-weight: 400; white-space: normal;\">- Contenu de la formation : 71.5%<\/span><\/font><\/div><font style=\"vertical-align: inherit;\"><font style=\"vertical-align: inherit;\"><\/font><\/font><font style=\"vertical-align: inherit;\"><font style=\"vertical-align: inherit;\"><\/font><\/font><font style=\"vertical-align: inherit;\"><font style=\"vertical-align: inherit;\"><\/font><\/font><\/h2>\t\t<\/div>\n\t\t\t\t<\/div>\n\t\t\t\t<div class=\"elementor-element elementor-element-a2e1dc1 elementor-widget elementor-widget-heading\" data-id=\"a2e1dc1\" data-element_type=\"widget\" data-settings=\"{&quot;_animation_mobile&quot;:&quot;fadeInLeft&quot;}\" data-widget_type=\"heading.default\">\n\t\t\t\t<div class=\"elementor-widget-container\">\n\t\t\t<h3 class=\"elementor-heading-title elementor-size-default\">Dates des prochaines formations<\/h3>\t\t<\/div>\n\t\t\t\t<\/div>\n\t\t\t\t<div class=\"elementor-element elementor-element-afdb823 elementor-align-center elementor-widget elementor-widget-button\" data-id=\"afdb823\" data-element_type=\"widget\" data-widget_type=\"button.default\">\n\t\t\t\t<div class=\"elementor-widget-container\">\n\t\t\t\t\t<div class=\"elementor-button-wrapper\">\n\t\t\t<a href=\"http:\/\/ribeformation.com\/index.php\/contact\/\" class=\"elementor-button-link elementor-button elementor-size-md\" role=\"button\">\n\t\t\t\t\t\t<span class=\"elementor-button-content-wrapper\">\n\t\t\t\t\t\t<span class=\"elementor-button-icon elementor-align-icon-left\">\n\t\t\t\t<i aria-hidden=\"true\" class=\"far fa-calendar-check\"><\/i>\t\t\t<\/span>\n\t\t\t\t\t\t<span class=\"elementor-button-text\">Nous contacter<\/span>\n\t\t<\/span>\n\t\t\t\t\t<\/a>\n\t\t<\/div>\n\t\t\t\t<\/div>\n\t\t\t\t<\/div>\n\t\t\t\t\t<\/div>\n\t\t<\/div>\n\t\t\t\t\t\t\t<\/div>\n\t\t<\/section>\n\t\t\t\t<section class=\"elementor-section elementor-top-section elementor-element elementor-element-923a5e6 elementor-section-boxed elementor-section-height-default elementor-section-height-default\" data-id=\"923a5e6\" data-element_type=\"section\">\n\t\t\t\t\t\t<div class=\"elementor-container elementor-column-gap-default\">\n\t\t\t\t\t<div class=\"elementor-column elementor-col-100 elementor-top-column elementor-element elementor-element-debabd2\" data-id=\"debabd2\" data-element_type=\"column\">\n\t\t\t<div class=\"elementor-widget-wrap\">\n\t\t\t\t\t\t\t\t\t<\/div>\n\t\t<\/div>\n\t\t\t\t\t\t\t<\/div>\n\t\t<\/section>\n\t\t\t\t\t\t<\/div>\n\t\t\t\t\t<\/div>\n\t\t","protected":false},"excerpt":{"rendered":"<p>Formation de Base VF T\u00e9l\u00e9charger cette fiche (pdf) Objectifs Au terme de la formation, l&rsquo;apprenant sera en capacit\u00e9 de\u00a0:\u00a0 &#8211; &hellip; <\/p>\n","protected":false},"author":1,"featured_media":0,"parent":297,"menu_order":0,"comment_status":"closed","ping_status":"closed","template":"","meta":[],"yoast_head":"<!-- This site is optimized with the Yoast SEO plugin v16.0.2 - https:\/\/yoast.com\/wordpress\/plugins\/seo\/ -->\n<title>Fiche formation - Initiez vous aux fondamentaux du concept VIDEOFIT - Ribe formation<\/title>\n<link rel=\"canonical\" href=\"https:\/\/ribeformation.com\/index.php\/catalogue-de-formation-2\/fiche-formation-formation-de-base-vf\/\" \/>\n<meta property=\"og:locale\" content=\"fr_FR\" \/>\n<meta property=\"og:type\" content=\"article\" \/>\n<meta property=\"og:title\" content=\"Fiche formation - Initiez vous aux fondamentaux du concept VIDEOFIT - Ribe formation\" \/>\n<meta property=\"og:description\" content=\"Formation de Base VF T\u00e9l\u00e9charger cette fiche (pdf) Objectifs Au terme de la formation, l&rsquo;apprenant sera en capacit\u00e9 de\u00a0:\u00a0 &#8211; &hellip;\" \/>\n<meta property=\"og:url\" content=\"https:\/\/ribeformation.com\/index.php\/catalogue-de-formation-2\/fiche-formation-formation-de-base-vf\/\" \/>\n<meta property=\"og:site_name\" content=\"Ribe formation\" \/>\n<meta property=\"article:modified_time\" content=\"2024-05-07T13:29:45+00:00\" \/>\n<meta property=\"og:image\" content=\"http:\/\/ribeformation.com\/wp-content\/uploads\/2021\/02\/cropped-cropped-Logo-Ribe-formation-300x300.png\" \/>\n<meta name=\"twitter:card\" content=\"summary_large_image\" \/>\n<meta name=\"twitter:label1\" content=\"Dur\u00e9e de lecture est.\">\n\t<meta name=\"twitter:data1\" content=\"2 minutes\">\n<script type=\"application\/ld+json\" class=\"yoast-schema-graph\">{\"@context\":\"https:\/\/schema.org\",\"@graph\":[{\"@type\":\"WebSite\",\"@id\":\"https:\/\/ribeformation.com\/#website\",\"url\":\"https:\/\/ribeformation.com\/\",\"name\":\"Ribe formation\",\"description\":\"Espace de formation\",\"potentialAction\":[{\"@type\":\"SearchAction\",\"target\":\"https:\/\/ribeformation.com\/?s={search_term_string}\",\"query-input\":\"required name=search_term_string\"}],\"inLanguage\":\"fr-FR\"},{\"@type\":\"ImageObject\",\"@id\":\"https:\/\/ribeformation.com\/index.php\/catalogue-de-formation-2\/fiche-formation-formation-de-base-vf\/#primaryimage\",\"inLanguage\":\"fr-FR\",\"url\":\"http:\/\/ribeformation.com\/wp-content\/uploads\/2021\/02\/cropped-cropped-Logo-Ribe-formation-300x300.png\"},{\"@type\":\"WebPage\",\"@id\":\"https:\/\/ribeformation.com\/index.php\/catalogue-de-formation-2\/fiche-formation-formation-de-base-vf\/#webpage\",\"url\":\"https:\/\/ribeformation.com\/index.php\/catalogue-de-formation-2\/fiche-formation-formation-de-base-vf\/\",\"name\":\"Fiche formation - Initiez vous aux fondamentaux du concept VIDEOFIT - Ribe formation\",\"isPartOf\":{\"@id\":\"https:\/\/ribeformation.com\/#website\"},\"primaryImageOfPage\":{\"@id\":\"https:\/\/ribeformation.com\/index.php\/catalogue-de-formation-2\/fiche-formation-formation-de-base-vf\/#primaryimage\"},\"datePublished\":\"2023-02-08T09:01:25+00:00\",\"dateModified\":\"2024-05-07T13:29:45+00:00\",\"breadcrumb\":{\"@id\":\"https:\/\/ribeformation.com\/index.php\/catalogue-de-formation-2\/fiche-formation-formation-de-base-vf\/#breadcrumb\"},\"inLanguage\":\"fr-FR\",\"potentialAction\":[{\"@type\":\"ReadAction\",\"target\":[\"https:\/\/ribeformation.com\/index.php\/catalogue-de-formation-2\/fiche-formation-formation-de-base-vf\/\"]}]},{\"@type\":\"BreadcrumbList\",\"@id\":\"https:\/\/ribeformation.com\/index.php\/catalogue-de-formation-2\/fiche-formation-formation-de-base-vf\/#breadcrumb\",\"itemListElement\":[{\"@type\":\"ListItem\",\"position\":1,\"item\":{\"@type\":\"WebPage\",\"@id\":\"https:\/\/ribeformation.com\/\",\"url\":\"https:\/\/ribeformation.com\/\",\"name\":\"Accueil\"}},{\"@type\":\"ListItem\",\"position\":2,\"item\":{\"@type\":\"WebPage\",\"@id\":\"https:\/\/ribeformation.com\/index.php\/catalogue-de-formation-2\/\",\"url\":\"https:\/\/ribeformation.com\/index.php\/catalogue-de-formation-2\/\",\"name\":\"Catalogue de formation\"}},{\"@type\":\"ListItem\",\"position\":3,\"item\":{\"@type\":\"WebPage\",\"@id\":\"https:\/\/ribeformation.com\/index.php\/catalogue-de-formation-2\/fiche-formation-formation-de-base-vf\/\",\"url\":\"https:\/\/ribeformation.com\/index.php\/catalogue-de-formation-2\/fiche-formation-formation-de-base-vf\/\",\"name\":\"Fiche formation &#8211; Initiez vous aux fondamentaux du concept VIDEOFIT\"}}]}]}<\/script>\n<!-- \/ Yoast SEO plugin. -->","_links":{"self":[{"href":"https:\/\/ribeformation.com\/index.php\/wp-json\/wp\/v2\/pages\/1419"}],"collection":[{"href":"https:\/\/ribeformation.com\/index.php\/wp-json\/wp\/v2\/pages"}],"about":[{"href":"https:\/\/ribeformation.com\/index.php\/wp-json\/wp\/v2\/types\/page"}],"author":[{"embeddable":true,"href":"https:\/\/ribeformation.com\/index.php\/wp-json\/wp\/v2\/users\/1"}],"replies":[{"embeddable":true,"href":"https:\/\/ribeformation.com\/index.php\/wp-json\/wp\/v2\/comments?post=1419"}],"version-history":[{"count":20,"href":"https:\/\/ribeformation.com\/index.php\/wp-json\/wp\/v2\/pages\/1419\/revisions"}],"predecessor-version":[{"id":1775,"href":"https:\/\/ribeformation.com\/index.php\/wp-json\/wp\/v2\/pages\/1419\/revisions\/1775"}],"up":[{"embeddable":true,"href":"https:\/\/ribeformation.com\/index.php\/wp-json\/wp\/v2\/pages\/297"}],"wp:attachment":[{"href":"https:\/\/ribeformation.com\/index.php\/wp-json\/wp\/v2\/media?parent=1419"}],"curies":[{"name":"wp","href":"https:\/\/api.w.org\/{rel}","templated":true}]}}