{"id":1661,"date":"2024-04-24T10:40:47","date_gmt":"2024-04-24T08:40:47","guid":{"rendered":"https:\/\/ribeformation.com\/?page_id=1661"},"modified":"2024-04-24T12:34:45","modified_gmt":"2024-04-24T10:34:45","slug":"fiche-formation-boostez-votre-efficacite-commerciale-2024","status":"publish","type":"page","link":"https:\/\/ribeformation.com\/index.php\/programme-des-formations\/fiche-formation-boostez-votre-efficacite-commerciale-2024\/","title":{"rendered":"Fiche formation &#8211;  Boostez votre efficacit\u00e9 commerciale"},"content":{"rendered":"\t\t<div data-elementor-type=\"wp-page\" data-elementor-id=\"1661\" class=\"elementor elementor-1661\" data-elementor-settings=\"[]\">\n\t\t\t\t\t\t\t<div class=\"elementor-section-wrap\">\n\t\t\t\t\t\t\t<section class=\"elementor-section elementor-top-section elementor-element elementor-element-37dc31e elementor-section-boxed elementor-section-height-default elementor-section-height-default\" data-id=\"37dc31e\" data-element_type=\"section\">\n\t\t\t\t\t\t<div class=\"elementor-container elementor-column-gap-default\">\n\t\t\t\t\t<div class=\"elementor-column elementor-col-100 elementor-top-column elementor-element elementor-element-091c586\" data-id=\"091c586\" data-element_type=\"column\">\n\t\t\t<div class=\"elementor-widget-wrap elementor-element-populated\">\n\t\t\t\t\t\t\t\t\t<\/div>\n\t\t<\/div>\n\t\t\t\t\t\t\t<\/div>\n\t\t<\/section>\n\t\t\t\t<section class=\"elementor-section elementor-top-section elementor-element elementor-element-6344308 elementor-section-boxed elementor-section-height-default elementor-section-height-default\" data-id=\"6344308\" data-element_type=\"section\">\n\t\t\t\t\t\t<div class=\"elementor-container elementor-column-gap-default\">\n\t\t\t\t\t<div class=\"elementor-column elementor-col-100 elementor-top-column elementor-element elementor-element-ef4f69b\" data-id=\"ef4f69b\" data-element_type=\"column\">\n\t\t\t<div class=\"elementor-widget-wrap elementor-element-populated\">\n\t\t\t\t\t\t\t\t<div class=\"elementor-element elementor-element-c82284f elementor-hidden-phone elementor-widget elementor-widget-spacer\" data-id=\"c82284f\" data-element_type=\"widget\" data-widget_type=\"spacer.default\">\n\t\t\t\t<div class=\"elementor-widget-container\">\n\t\t\t\t\t<div class=\"elementor-spacer\">\n\t\t\t<div class=\"elementor-spacer-inner\"><\/div>\n\t\t<\/div>\n\t\t\t\t<\/div>\n\t\t\t\t<\/div>\n\t\t\t\t\t<\/div>\n\t\t<\/div>\n\t\t\t\t\t\t\t<\/div>\n\t\t<\/section>\n\t\t\t\t<section class=\"elementor-section elementor-top-section elementor-element elementor-element-c0bcbdf elementor-section-full_width elementor-section-height-default elementor-section-height-default\" data-id=\"c0bcbdf\" data-element_type=\"section\">\n\t\t\t\t\t\t<div class=\"elementor-container elementor-column-gap-wide\">\n\t\t\t\t\t<div class=\"elementor-column elementor-col-33 elementor-top-column elementor-element elementor-element-e8c24c8\" data-id=\"e8c24c8\" data-element_type=\"column\" data-settings=\"{&quot;background_background&quot;:&quot;classic&quot;}\">\n\t\t\t<div class=\"elementor-widget-wrap elementor-element-populated\">\n\t\t\t\t\t\t\t\t<div class=\"elementor-element elementor-element-06dbc2d elementor-hidden-phone elementor-widget elementor-widget-spacer\" data-id=\"06dbc2d\" data-element_type=\"widget\" data-widget_type=\"spacer.default\">\n\t\t\t\t<div class=\"elementor-widget-container\">\n\t\t\t\t\t<div class=\"elementor-spacer\">\n\t\t\t<div class=\"elementor-spacer-inner\"><\/div>\n\t\t<\/div>\n\t\t\t\t<\/div>\n\t\t\t\t<\/div>\n\t\t\t\t<div class=\"elementor-element elementor-element-04e41e1 elementor-hidden-phone elementor-widget elementor-widget-image\" data-id=\"04e41e1\" data-element_type=\"widget\" data-widget_type=\"image.default\">\n\t\t\t\t<div class=\"elementor-widget-container\">\n\t\t\t\t\t<div class=\"elementor-image\">\n\t\t\t\t\t\t\t\t\t\t<img width=\"300\" height=\"300\" src=\"https:\/\/ribeformation.com\/wp-content\/uploads\/2021\/02\/cropped-cropped-Logo-Ribe-formation-300x300.png\" class=\"attachment-medium size-medium\" alt=\"\" loading=\"lazy\" srcset=\"https:\/\/ribeformation.com\/wp-content\/uploads\/2021\/02\/cropped-cropped-Logo-Ribe-formation-300x300.png 300w, https:\/\/ribeformation.com\/wp-content\/uploads\/2021\/02\/cropped-cropped-Logo-Ribe-formation-150x150.png 150w, https:\/\/ribeformation.com\/wp-content\/uploads\/2021\/02\/cropped-cropped-Logo-Ribe-formation-70x70.png 70w, https:\/\/ribeformation.com\/wp-content\/uploads\/2021\/02\/cropped-cropped-Logo-Ribe-formation-246x246.png 246w, https:\/\/ribeformation.com\/wp-content\/uploads\/2021\/02\/cropped-cropped-Logo-Ribe-formation-276x276.png 276w, https:\/\/ribeformation.com\/wp-content\/uploads\/2021\/02\/cropped-cropped-Logo-Ribe-formation-125x125.png 125w, https:\/\/ribeformation.com\/wp-content\/uploads\/2021\/02\/cropped-cropped-Logo-Ribe-formation-270x270.png 270w, https:\/\/ribeformation.com\/wp-content\/uploads\/2021\/02\/cropped-cropped-Logo-Ribe-formation-192x192.png 192w, https:\/\/ribeformation.com\/wp-content\/uploads\/2021\/02\/cropped-cropped-Logo-Ribe-formation-180x180.png 180w, https:\/\/ribeformation.com\/wp-content\/uploads\/2021\/02\/cropped-cropped-Logo-Ribe-formation-32x32.png 32w, https:\/\/ribeformation.com\/wp-content\/uploads\/2021\/02\/cropped-cropped-Logo-Ribe-formation.png 512w\" sizes=\"(max-width: 300px) 100vw, 300px\" \/>\t\t\t\t\t\t\t\t\t\t\t<\/div>\n\t\t\t\t<\/div>\n\t\t\t\t<\/div>\n\t\t\t\t<div class=\"elementor-element elementor-element-5ac4825 elementor-hidden-phone elementor-widget elementor-widget-spacer\" data-id=\"5ac4825\" data-element_type=\"widget\" data-widget_type=\"spacer.default\">\n\t\t\t\t<div class=\"elementor-widget-container\">\n\t\t\t\t\t<div class=\"elementor-spacer\">\n\t\t\t<div class=\"elementor-spacer-inner\"><\/div>\n\t\t<\/div>\n\t\t\t\t<\/div>\n\t\t\t\t<\/div>\n\t\t\t\t<div class=\"elementor-element elementor-element-dde04bc elementor-widget elementor-widget-heading\" data-id=\"dde04bc\" data-element_type=\"widget\" data-widget_type=\"heading.default\">\n\t\t\t\t<div class=\"elementor-widget-container\">\n\t\t\t<h2 class=\"elementor-heading-title elementor-size-xl\">Boostez votre efficacit\u00e9 commerciale<\/h2>\t\t<\/div>\n\t\t\t\t<\/div>\n\t\t\t\t<div class=\"elementor-element elementor-element-ce7a849 elementor-hidden-phone elementor-widget elementor-widget-spacer\" data-id=\"ce7a849\" data-element_type=\"widget\" data-widget_type=\"spacer.default\">\n\t\t\t\t<div class=\"elementor-widget-container\">\n\t\t\t\t\t<div class=\"elementor-spacer\">\n\t\t\t<div class=\"elementor-spacer-inner\"><\/div>\n\t\t<\/div>\n\t\t\t\t<\/div>\n\t\t\t\t<\/div>\n\t\t\t\t<div class=\"elementor-element elementor-element-3eddebe elementor-align-center elementor-widget elementor-widget-button\" data-id=\"3eddebe\" data-element_type=\"widget\" data-widget_type=\"button.default\">\n\t\t\t\t<div class=\"elementor-widget-container\">\n\t\t\t\t\t<div class=\"elementor-button-wrapper\">\n\t\t\t<a href=\"http:\/\/ribeformation.com\/wp-content\/uploads\/2023\/02\/Formation-__-Du-presenting-a\u0300-lacting-fitness.pdf\" class=\"elementor-button-link elementor-button elementor-size-lg\" role=\"button\">\n\t\t\t\t\t\t<span class=\"elementor-button-content-wrapper\">\n\t\t\t\t\t\t<span class=\"elementor-button-icon elementor-align-icon-left\">\n\t\t\t\t<i aria-hidden=\"true\" class=\"far fa-arrow-alt-circle-down\"><\/i>\t\t\t<\/span>\n\t\t\t\t\t\t<span class=\"elementor-button-text\">T\u00e9l\u00e9charger cette fiche (pdf)<\/span>\n\t\t<\/span>\n\t\t\t\t\t<\/a>\n\t\t<\/div>\n\t\t\t\t<\/div>\n\t\t\t\t<\/div>\n\t\t\t\t\t<\/div>\n\t\t<\/div>\n\t\t\t\t<div class=\"elementor-column elementor-col-33 elementor-top-column elementor-element elementor-element-77f15c9\" data-id=\"77f15c9\" data-element_type=\"column\">\n\t\t\t<div class=\"elementor-widget-wrap elementor-element-populated\">\n\t\t\t\t\t\t\t\t<div class=\"elementor-element elementor-element-89d8b13 elementor-widget elementor-widget-heading\" data-id=\"89d8b13\" data-element_type=\"widget\" data-settings=\"{&quot;_animation_mobile&quot;:&quot;fadeInLeft&quot;}\" data-widget_type=\"heading.default\">\n\t\t\t\t<div class=\"elementor-widget-container\">\n\t\t\t<h3 class=\"elementor-heading-title elementor-size-default\">Objectifs<\/h3>\t\t<\/div>\n\t\t\t\t<\/div>\n\t\t\t\t<div class=\"elementor-element elementor-element-50de0ed elementor-widget elementor-widget-text-editor\" data-id=\"50de0ed\" data-element_type=\"widget\" data-widget_type=\"text-editor.default\">\n\t\t\t\t<div class=\"elementor-widget-container\">\n\t\t\t\t\t<div class=\"elementor-text-editor elementor-clearfix\"><p>Au terme de la formation, l\u2019apprenant sera en capacit\u00e9 de :\u00a0<\/p><p>&#8211; Comprendre l&rsquo;impact des \u00e9motions lors d&rsquo;une prise de d\u00e9cision.<br \/>&#8211; Appr\u00e9hender les diff\u00e9rents profils de personnalit\u00e9s ainsi que les diff\u00e9rents canaux de communication.<br \/>&#8211; Ma\u00eetriser l&rsquo;art du questionnement pour mieux conna\u00eetre son interlocuteur.<br \/>&#8211; Acqu\u00e9rir une ma\u00eetrise des 5 \u00e9tapes de la vente.<br \/>&#8211; Am\u00e9liorer notablement son taux de transformation.<br \/>&#8211; Appr\u00e9hender et gonfler son CA gr\u00e2ce aux ventes additionnelles.<br \/>&#8211; Savoir appr\u00e9hender le m\u00e9tier de n\u00e9gociateur(-trice).<\/p><\/div>\n\t\t\t\t<\/div>\n\t\t\t\t<\/div>\n\t\t\t\t<div class=\"elementor-element elementor-element-d5088a2 elementor-widget elementor-widget-heading\" data-id=\"d5088a2\" data-element_type=\"widget\" data-settings=\"{&quot;_animation_mobile&quot;:&quot;fadeInLeft&quot;}\" data-widget_type=\"heading.default\">\n\t\t\t\t<div class=\"elementor-widget-container\">\n\t\t\t<h3 class=\"elementor-heading-title elementor-size-default\">Contenu de la formation<\/h3>\t\t<\/div>\n\t\t\t\t<\/div>\n\t\t\t\t<div class=\"elementor-element elementor-element-4e1fc6a elementor-widget elementor-widget-text-editor\" data-id=\"4e1fc6a\" data-element_type=\"widget\" data-widget_type=\"text-editor.default\">\n\t\t\t\t<div class=\"elementor-widget-container\">\n\t\t\t\t\t<div class=\"elementor-text-editor elementor-clearfix\"><p>SAVOIR-\u00caTRE ET COMMUNICATION :<br \/>&#8211; La vente, une affaire d&rsquo;\u00e9motion.<br \/>&#8211; La communication non verbale.<br \/>&#8211; Le march\u00e9 du fitness.<br \/>&#8211; L&rsquo;impact de la fid\u00e9lisation.<\/p><p>TECHNIQUES DE N\u00c9GOCIATION COMMERCIALE :<br \/>&#8211; Les \u00e9tapes de la vente.<br \/>&#8211; Les diff\u00e9rents types de clients.<br \/>&#8211; La visite solution d&rsquo;un club de fitness.<br \/>&#8211; La pr\u00e9sentation des prix et le closing.<br \/>&#8211; La gestion des objections.<br \/>&#8211; Le parrainage.<br \/>&#8211; La gestion des appels t\u00e9l\u00e9phoniques.<\/p><\/div>\n\t\t\t\t<\/div>\n\t\t\t\t<\/div>\n\t\t\t\t<div class=\"elementor-element elementor-element-d797a56 elementor-widget elementor-widget-heading\" data-id=\"d797a56\" data-element_type=\"widget\" data-settings=\"{&quot;_animation_mobile&quot;:&quot;fadeInLeft&quot;}\" data-widget_type=\"heading.default\">\n\t\t\t\t<div class=\"elementor-widget-container\">\n\t\t\t<h3 class=\"elementor-heading-title elementor-size-default\">La formation<\/h3>\t\t<\/div>\n\t\t\t\t<\/div>\n\t\t\t\t<div class=\"elementor-element elementor-element-e4a1c57 elementor-widget elementor-widget-text-editor\" data-id=\"e4a1c57\" data-element_type=\"widget\" data-widget_type=\"text-editor.default\">\n\t\t\t\t<div class=\"elementor-widget-container\">\n\t\t\t\t\t<div class=\"elementor-text-editor elementor-clearfix\"><p><span class=\"JsGRdQ\"><span style=\"vertical-align: inherit;\"><span style=\"vertical-align: inherit;\"><span style=\"vertical-align: inherit;\"><span style=\"vertical-align: inherit;\">&#8211; Cette formation se fait en pr\u00e9sentiel.<br \/><\/span><\/span><\/span><\/span><\/span><span class=\"JsGRdQ\"><span style=\"vertical-align: inherit;\"><span style=\"vertical-align: inherit;\"><span style=\"vertical-align: inherit;\"><span style=\"vertical-align: inherit;\">&#8211; Accessible aux personnes en situation de handicap.<br \/><\/span><\/span><\/span><\/span><\/span><span class=\"JsGRdQ\"><span style=\"vertical-align: inherit;\"><span style=\"vertical-align: inherit;\"><span style=\"vertical-align: inherit;\"><span style=\"vertical-align: inherit;\">&#8211; La dur\u00e9e est de 14h, r\u00e9partie sur 2 jours. <\/span><\/span><\/span><\/span><br \/><\/span><span class=\"JsGRdQ\"><span style=\"vertical-align: inherit;\"><span style=\"vertical-align: inherit;\"><span style=\"vertical-align: inherit;\"><span style=\"vertical-align: inherit;\">&#8211; 10 participants maximum. <\/span><\/span><\/span><\/span><br \/><\/span><span class=\"JsGRdQ\"><span style=\"vertical-align: inherit;\"><span style=\"vertical-align: inherit;\"><span style=\"vertical-align: inherit;\"><span style=\"vertical-align: inherit;\">&#8211; M\u00e9thodes utilis\u00e9es :<\/span><\/span><\/span><\/span><\/span><span style=\"vertical-align: inherit;\"><span style=\"vertical-align: inherit;\"><span style=\"vertical-align: inherit;\"><span style=\"vertical-align: inherit;\"> \u00a0apports th\u00e9oriques appuy\u00e9s par des \u00e9tudes de cas, mises en situation et explications imag\u00e9es. <\/span><\/span><\/span><\/span><span class=\"JsGRdQ\"><br \/><span style=\"vertical-align: inherit;\"><span style=\"vertical-align: inherit;\"><span style=\"vertical-align: inherit;\"><span style=\"vertical-align: inherit;\">&#8211; Modalit\u00e9s d&rsquo;\u00e9valuation : mises en situations, quizz et auto-\u00e9valuation. <\/span><\/span><\/span><\/span><br \/><span style=\"vertical-align: inherit;\"><span style=\"vertical-align: inherit;\"><span style=\"vertical-align: inherit;\"><span style=\"vertical-align: inherit;\">-D\u00e9lai d&rsquo;acc\u00e8s : 1 mois.<\/span><\/span><\/span><\/span><\/span><\/p><\/div>\n\t\t\t\t<\/div>\n\t\t\t\t<\/div>\n\t\t\t\t\t<\/div>\n\t\t<\/div>\n\t\t\t\t<div class=\"elementor-column elementor-col-33 elementor-top-column elementor-element elementor-element-862c8cd\" data-id=\"862c8cd\" data-element_type=\"column\">\n\t\t\t<div class=\"elementor-widget-wrap elementor-element-populated\">\n\t\t\t\t\t\t\t\t<div class=\"elementor-element elementor-element-8cee76c elementor-widget elementor-widget-heading\" data-id=\"8cee76c\" data-element_type=\"widget\" data-settings=\"{&quot;_animation_mobile&quot;:&quot;fadeInLeft&quot;}\" data-widget_type=\"heading.default\">\n\t\t\t\t<div class=\"elementor-widget-container\">\n\t\t\t<h3 class=\"elementor-heading-title elementor-size-default\">Un mot sur le formateur<\/h3>\t\t<\/div>\n\t\t\t\t<\/div>\n\t\t\t\t<div class=\"elementor-element elementor-element-7939e7b elementor-widget elementor-widget-text-editor\" data-id=\"7939e7b\" data-element_type=\"widget\" data-widget_type=\"text-editor.default\">\n\t\t\t\t<div class=\"elementor-widget-container\">\n\t\t\t\t\t<div class=\"elementor-text-editor elementor-clearfix\"><p>ST\u00c9PHANE BOISNEAULT<\/p><p>Figure embl\u00e9matique du march\u00e9 de la forme et du fitness depuis plus de 35 ans, St\u00e9phane a de mettre \u00e0 profit sa tr\u00e8s grande exp\u00e9rience de la vente (longtemps Directeur Commercial du groupe Planet Fitness) et des rapports humains pour apporter une motivation extraordinaire dans toutes ses formations.<br \/>Reconnu pour son charisme, son empathie et son sens du partage, il s&rsquo;engage \u00e0 tout mettre en oeuvre pour faire de chaque moment d&rsquo;apprentissage un moment unique et profitable pour chaque participant(e). Et tout transmettre de sa formidable exp\u00e9rience!<\/p><\/div>\n\t\t\t\t<\/div>\n\t\t\t\t<\/div>\n\t\t\t\t<div class=\"elementor-element elementor-element-724aed4 elementor-widget elementor-widget-heading\" data-id=\"724aed4\" data-element_type=\"widget\" data-settings=\"{&quot;_animation_mobile&quot;:&quot;fadeInLeft&quot;}\" data-widget_type=\"heading.default\">\n\t\t\t\t<div class=\"elementor-widget-container\">\n\t\t\t<h3 class=\"elementor-heading-title elementor-size-default\">Les pr\u00e9-requis<\/h3>\t\t<\/div>\n\t\t\t\t<\/div>\n\t\t\t\t<div class=\"elementor-element elementor-element-ea067e8 elementor-widget elementor-widget-text-editor\" data-id=\"ea067e8\" data-element_type=\"widget\" data-widget_type=\"text-editor.default\">\n\t\t\t\t<div class=\"elementor-widget-container\">\n\t\t\t\t\t<div class=\"elementor-text-editor elementor-clearfix\"><p class=\"_04xlpA direction-ltr align-start para-style-body\">\u2013 Pr\u00e9requis n\u00e9cessaire pour cette formation : ma\u00eetrise du fran\u00e7ais. (Parl\u00e9, lu, \u00e9crit)<\/p><\/div>\n\t\t\t\t<\/div>\n\t\t\t\t<\/div>\n\t\t\t\t<div class=\"elementor-element elementor-element-be17f50 elementor-widget elementor-widget-heading\" data-id=\"be17f50\" data-element_type=\"widget\" data-settings=\"{&quot;_animation_mobile&quot;:&quot;fadeInLeft&quot;}\" data-widget_type=\"heading.default\">\n\t\t\t\t<div class=\"elementor-widget-container\">\n\t\t\t<h3 class=\"elementor-heading-title elementor-size-default\">Le tarif<\/h3>\t\t<\/div>\n\t\t\t\t<\/div>\n\t\t\t\t<div class=\"elementor-element elementor-element-8580735 elementor-widget elementor-widget-text-editor\" data-id=\"8580735\" data-element_type=\"widget\" data-widget_type=\"text-editor.default\">\n\t\t\t\t<div class=\"elementor-widget-container\">\n\t\t\t\t\t<div class=\"elementor-text-editor elementor-clearfix\"><p class=\"_04xlpA direction-ltr align-start para-style-body\"><span class=\"JsGRdQ\">-740\u20ac HT par participant pour les 14h de formation.\u00a0<\/span><\/p><\/div>\n\t\t\t\t<\/div>\n\t\t\t\t<\/div>\n\t\t\t\t<div class=\"elementor-element elementor-element-7b5167b elementor-widget elementor-widget-heading\" data-id=\"7b5167b\" data-element_type=\"widget\" data-settings=\"{&quot;_animation_mobile&quot;:&quot;fadeInLeft&quot;}\" data-widget_type=\"heading.default\">\n\t\t\t\t<div class=\"elementor-widget-container\">\n\t\t\t<h3 class=\"elementor-heading-title elementor-size-default\">En quelques chiffres...<\/h3>\t\t<\/div>\n\t\t\t\t<\/div>\n\t\t\t\t<div class=\"elementor-element elementor-element-a8a1cfc elementor-widget elementor-widget-heading\" data-id=\"a8a1cfc\" data-element_type=\"widget\" data-widget_type=\"heading.default\">\n\t\t\t\t<div class=\"elementor-widget-container\">\n\t\t\t<h2 class=\"elementor-heading-title elementor-size-default\"><div style=\"text-align: justify;\"><span style=\"font-family: &quot;Trebuchet MS&quot;, sans-serif; font-weight: 400; white-space: normal;\">- Organisation g\u00e9n\u00e9rale : 98%<\/span><br style=\"font-family: &quot;Trebuchet MS&quot;, sans-serif; font-weight: 400; white-space: normal;\"><span style=\"font-family: &quot;Trebuchet MS&quot;, sans-serif; font-weight: 400; white-space: normal;\">- Pr\u00e9sentation g\u00e9n\u00e9rale : 100%<\/span><br><span style=\"font-family: &quot;Trebuchet MS&quot;, sans-serif; font-weight: 400; white-space: normal;\">- Taux de remplissage : 90%<\/span><br><span style=\"font-family: &quot;Trebuchet MS&quot;, sans-serif; font-weight: 400; white-space: normal;\">- Taux d'abandon : 0%<\/span><\/div><font style=\"vertical-align: inherit;\"><font style=\"vertical-align: inherit;\"><\/font><\/font><font style=\"vertical-align: inherit;\"><font style=\"vertical-align: inherit;\"><\/font><\/font><font style=\"vertical-align: inherit;\"><font style=\"vertical-align: inherit;\"><\/font><\/font><\/h2>\t\t<\/div>\n\t\t\t\t<\/div>\n\t\t\t\t<div class=\"elementor-element elementor-element-a2e1dc1 elementor-widget elementor-widget-heading\" data-id=\"a2e1dc1\" data-element_type=\"widget\" data-settings=\"{&quot;_animation_mobile&quot;:&quot;fadeInLeft&quot;}\" data-widget_type=\"heading.default\">\n\t\t\t\t<div class=\"elementor-widget-container\">\n\t\t\t<h3 class=\"elementor-heading-title elementor-size-default\">Dates des prochaines formations<\/h3>\t\t<\/div>\n\t\t\t\t<\/div>\n\t\t\t\t<div class=\"elementor-element elementor-element-afdb823 elementor-align-center elementor-widget elementor-widget-button\" data-id=\"afdb823\" data-element_type=\"widget\" data-widget_type=\"button.default\">\n\t\t\t\t<div class=\"elementor-widget-container\">\n\t\t\t\t\t<div class=\"elementor-button-wrapper\">\n\t\t\t<a href=\"http:\/\/ribeformation.com\/index.php\/contact\/\" class=\"elementor-button-link elementor-button elementor-size-md\" role=\"button\">\n\t\t\t\t\t\t<span class=\"elementor-button-content-wrapper\">\n\t\t\t\t\t\t<span class=\"elementor-button-icon elementor-align-icon-left\">\n\t\t\t\t<i aria-hidden=\"true\" class=\"far fa-calendar-check\"><\/i>\t\t\t<\/span>\n\t\t\t\t\t\t<span class=\"elementor-button-text\">Nous contacter<\/span>\n\t\t<\/span>\n\t\t\t\t\t<\/a>\n\t\t<\/div>\n\t\t\t\t<\/div>\n\t\t\t\t<\/div>\n\t\t\t\t\t<\/div>\n\t\t<\/div>\n\t\t\t\t\t\t\t<\/div>\n\t\t<\/section>\n\t\t\t\t<section class=\"elementor-section elementor-top-section elementor-element elementor-element-923a5e6 elementor-section-boxed elementor-section-height-default elementor-section-height-default\" data-id=\"923a5e6\" data-element_type=\"section\">\n\t\t\t\t\t\t<div class=\"elementor-container elementor-column-gap-default\">\n\t\t\t\t\t<div class=\"elementor-column elementor-col-100 elementor-top-column elementor-element elementor-element-debabd2\" data-id=\"debabd2\" data-element_type=\"column\">\n\t\t\t<div class=\"elementor-widget-wrap\">\n\t\t\t\t\t\t\t\t\t<\/div>\n\t\t<\/div>\n\t\t\t\t\t\t\t<\/div>\n\t\t<\/section>\n\t\t\t\t\t\t<\/div>\n\t\t\t\t\t<\/div>\n\t\t","protected":false},"excerpt":{"rendered":"<p>Boostez votre efficacit\u00e9 commerciale T\u00e9l\u00e9charger cette fiche (pdf) Objectifs Au terme de la formation, l\u2019apprenant sera en capacit\u00e9 de :&nbsp; &hellip; <\/p>\n","protected":false},"author":6,"featured_media":0,"parent":1605,"menu_order":1,"comment_status":"closed","ping_status":"closed","template":"elementor_header_footer","meta":[],"yoast_head":"<!-- This site is optimized with the Yoast SEO plugin v16.0.2 - https:\/\/yoast.com\/wordpress\/plugins\/seo\/ -->\n<title>Fiche formation - Boostez votre efficacit\u00e9 commerciale - Ribe formation<\/title>\n<link rel=\"canonical\" href=\"https:\/\/ribeformation.com\/index.php\/programme-des-formations\/fiche-formation-boostez-votre-efficacite-commerciale-2024\/\" \/>\n<meta property=\"og:locale\" content=\"fr_FR\" \/>\n<meta property=\"og:type\" content=\"article\" \/>\n<meta property=\"og:title\" content=\"Fiche formation - Boostez votre efficacit\u00e9 commerciale - Ribe formation\" \/>\n<meta property=\"og:description\" content=\"Boostez votre efficacit\u00e9 commerciale T\u00e9l\u00e9charger cette fiche (pdf) Objectifs Au terme de la formation, l\u2019apprenant sera en capacit\u00e9 de :&nbsp; &hellip;\" \/>\n<meta property=\"og:url\" content=\"https:\/\/ribeformation.com\/index.php\/programme-des-formations\/fiche-formation-boostez-votre-efficacite-commerciale-2024\/\" \/>\n<meta property=\"og:site_name\" content=\"Ribe formation\" \/>\n<meta property=\"article:modified_time\" content=\"2024-04-24T10:34:45+00:00\" \/>\n<meta property=\"og:image\" content=\"http:\/\/ribeformation.com\/wp-content\/uploads\/2021\/02\/cropped-cropped-Logo-Ribe-formation-300x300.png\" \/>\n<meta name=\"twitter:card\" content=\"summary_large_image\" \/>\n<meta name=\"twitter:label1\" content=\"Dur\u00e9e de lecture est.\">\n\t<meta name=\"twitter:data1\" content=\"2 minutes\">\n<script type=\"application\/ld+json\" class=\"yoast-schema-graph\">{\"@context\":\"https:\/\/schema.org\",\"@graph\":[{\"@type\":\"WebSite\",\"@id\":\"https:\/\/ribeformation.com\/#website\",\"url\":\"https:\/\/ribeformation.com\/\",\"name\":\"Ribe formation\",\"description\":\"Espace de formation\",\"potentialAction\":[{\"@type\":\"SearchAction\",\"target\":\"https:\/\/ribeformation.com\/?s={search_term_string}\",\"query-input\":\"required name=search_term_string\"}],\"inLanguage\":\"fr-FR\"},{\"@type\":\"ImageObject\",\"@id\":\"https:\/\/ribeformation.com\/index.php\/programme-des-formations\/fiche-formation-boostez-votre-efficacite-commerciale-2024\/#primaryimage\",\"inLanguage\":\"fr-FR\",\"url\":\"http:\/\/ribeformation.com\/wp-content\/uploads\/2021\/02\/cropped-cropped-Logo-Ribe-formation-300x300.png\"},{\"@type\":\"WebPage\",\"@id\":\"https:\/\/ribeformation.com\/index.php\/programme-des-formations\/fiche-formation-boostez-votre-efficacite-commerciale-2024\/#webpage\",\"url\":\"https:\/\/ribeformation.com\/index.php\/programme-des-formations\/fiche-formation-boostez-votre-efficacite-commerciale-2024\/\",\"name\":\"Fiche formation - Boostez votre efficacit\\u00e9 commerciale - Ribe formation\",\"isPartOf\":{\"@id\":\"https:\/\/ribeformation.com\/#website\"},\"primaryImageOfPage\":{\"@id\":\"https:\/\/ribeformation.com\/index.php\/programme-des-formations\/fiche-formation-boostez-votre-efficacite-commerciale-2024\/#primaryimage\"},\"datePublished\":\"2024-04-24T08:40:47+00:00\",\"dateModified\":\"2024-04-24T10:34:45+00:00\",\"breadcrumb\":{\"@id\":\"https:\/\/ribeformation.com\/index.php\/programme-des-formations\/fiche-formation-boostez-votre-efficacite-commerciale-2024\/#breadcrumb\"},\"inLanguage\":\"fr-FR\",\"potentialAction\":[{\"@type\":\"ReadAction\",\"target\":[\"https:\/\/ribeformation.com\/index.php\/programme-des-formations\/fiche-formation-boostez-votre-efficacite-commerciale-2024\/\"]}]},{\"@type\":\"BreadcrumbList\",\"@id\":\"https:\/\/ribeformation.com\/index.php\/programme-des-formations\/fiche-formation-boostez-votre-efficacite-commerciale-2024\/#breadcrumb\",\"itemListElement\":[{\"@type\":\"ListItem\",\"position\":1,\"item\":{\"@type\":\"WebPage\",\"@id\":\"https:\/\/ribeformation.com\/\",\"url\":\"https:\/\/ribeformation.com\/\",\"name\":\"Accueil\"}},{\"@type\":\"ListItem\",\"position\":2,\"item\":{\"@type\":\"WebPage\",\"@id\":\"https:\/\/ribeformation.com\/index.php\/programme-des-formations\/\",\"url\":\"https:\/\/ribeformation.com\/index.php\/programme-des-formations\/\",\"name\":\"Programme des formations\"}},{\"@type\":\"ListItem\",\"position\":3,\"item\":{\"@type\":\"WebPage\",\"@id\":\"https:\/\/ribeformation.com\/index.php\/programme-des-formations\/fiche-formation-boostez-votre-efficacite-commerciale-2024\/\",\"url\":\"https:\/\/ribeformation.com\/index.php\/programme-des-formations\/fiche-formation-boostez-votre-efficacite-commerciale-2024\/\",\"name\":\"Fiche formation &#8211; Boostez votre efficacit\\u00e9 commerciale\"}}]}]}<\/script>\n<!-- \/ Yoast SEO plugin. -->","_links":{"self":[{"href":"https:\/\/ribeformation.com\/index.php\/wp-json\/wp\/v2\/pages\/1661"}],"collection":[{"href":"https:\/\/ribeformation.com\/index.php\/wp-json\/wp\/v2\/pages"}],"about":[{"href":"https:\/\/ribeformation.com\/index.php\/wp-json\/wp\/v2\/types\/page"}],"author":[{"embeddable":true,"href":"https:\/\/ribeformation.com\/index.php\/wp-json\/wp\/v2\/users\/6"}],"replies":[{"embeddable":true,"href":"https:\/\/ribeformation.com\/index.php\/wp-json\/wp\/v2\/comments?post=1661"}],"version-history":[{"count":5,"href":"https:\/\/ribeformation.com\/index.php\/wp-json\/wp\/v2\/pages\/1661\/revisions"}],"predecessor-version":[{"id":1667,"href":"https:\/\/ribeformation.com\/index.php\/wp-json\/wp\/v2\/pages\/1661\/revisions\/1667"}],"up":[{"embeddable":true,"href":"https:\/\/ribeformation.com\/index.php\/wp-json\/wp\/v2\/pages\/1605"}],"wp:attachment":[{"href":"https:\/\/ribeformation.com\/index.php\/wp-json\/wp\/v2\/media?parent=1661"}],"curies":[{"name":"wp","href":"https:\/\/api.w.org\/{rel}","templated":true}]}}